{"id":506,"date":"2026-01-14T11:33:19","date_gmt":"2026-01-14T11:33:19","guid":{"rendered":"https:\/\/ashermantherapy-com.s54.somospecesvoladores.com\/?page_id=506"},"modified":"2026-02-11T13:57:05","modified_gmt":"2026-02-11T13:57:05","slug":"cookie-policy","status":"publish","type":"page","link":"https:\/\/ashermantherapy-com.s54.somospecesvoladores.com\/index.php\/cookie-policy\/","title":{"rendered":"Cookie Policy"},"content":{"rendered":"\t\t<div data-elementor-type=\"wp-page\" data-elementor-id=\"506\" class=\"elementor elementor-506\" data-elementor-settings=\"{&quot;ha_cmc_init_switcher&quot;:&quot;no&quot;}\" data-elementor-post-type=\"page\">\n\t\t\t\t<div class=\"elementor-element elementor-element-af868ea e-flex e-con-boxed e-con e-parent\" data-id=\"af868ea\" data-element_type=\"container\" data-e-type=\"container\" data-settings=\"{&quot;_ha_eqh_enable&quot;:false}\">\n\t\t\t\t\t<div class=\"e-con-inner\">\n\t\t<div class=\"elementor-element elementor-element-bf3eaba e-con-full e-flex e-con e-child\" data-id=\"bf3eaba\" data-element_type=\"container\" data-e-type=\"container\" data-settings=\"{&quot;_ha_eqh_enable&quot;:false}\">\n\t\t<div class=\"elementor-element elementor-element-92a1490 e-flex e-con-boxed e-con e-child\" data-id=\"92a1490\" data-element_type=\"container\" data-e-type=\"container\" data-settings=\"{&quot;_ha_eqh_enable&quot;:false}\">\n\t\t\t\t\t<div class=\"e-con-inner\">\n\t\t\t\t<div class=\"elementor-element elementor-element-6397829 elementor-invisible elementor-widget elementor-widget-heading\" data-id=\"6397829\" data-element_type=\"widget\" data-e-type=\"widget\" data-settings=\"{&quot;_animation&quot;:&quot;fadeIn&quot;}\" data-widget_type=\"heading.default\">\n\t\t\t\t\t<h1 class=\"elementor-heading-title elementor-size-default\">Cookie Policy<\/h1>\t\t\t\t<\/div>\n\t\t\t\t<div class=\"elementor-element elementor-element-7565170 elementor-widget elementor-widget-text-editor\" data-id=\"7565170\" data-element_type=\"widget\" data-e-type=\"widget\" data-widget_type=\"text-editor.default\">\n\t\t\t\t\t\t\t\t\t<p class=\"\" data-start=\"330\" data-end=\"529\">We use cookies to help you navigate the site efficiently and to enable essential features. Below you\u2019ll find detailed information about the types of cookies we use and your options for managing them.<\/p><p class=\"\" data-start=\"531\" data-end=\"558\"><strong data-start=\"535\" data-end=\"556\">NECESSARY COOKIES<\/strong><\/p><p class=\"\" data-start=\"559\" data-end=\"806\">These cookies are essential for the proper functioning of the website. They enable core features such as security, network management, and accessibility. Necessary cookies are always active and do not store any personally identifiable information.<\/p><p class=\"\" data-start=\"808\" data-end=\"836\"><strong data-start=\"812\" data-end=\"834\">FUNCTIONAL COOKIES<\/strong><\/p><p class=\"\" data-start=\"837\" data-end=\"1047\">These cookies support enhanced functionality and personalization, such as remembering your preferences or login details. They may be set by us or third-party providers whose services we have added to our pages.<\/p><p class=\"\" data-start=\"1049\" data-end=\"1076\"><strong data-start=\"1053\" data-end=\"1074\">ANALYTICS COOKIES<\/strong><\/p><p class=\"\" data-start=\"1077\" data-end=\"1333\">We use analytics cookies to understand how visitors interact with the website. These cookies help us gather insights into metrics such as page visits, bounce rate, and traffic sources. All data collected is anonymous and used for statistical purposes only.<\/p><p class=\"\" data-start=\"1335\" data-end=\"1364\"><strong data-start=\"1339\" data-end=\"1362\">PERFOMANCE COOKIES<\/strong><\/p><p class=\"\" data-start=\"1365\" data-end=\"1579\">These cookies allow us to measure and improve the performance of our site. They help us understand which pages are most popular, how visitors move around the site, and whether users experience any technical issues.<\/p><p class=\"\" data-start=\"1581\" data-end=\"1612\"><strong data-start=\"1585\" data-end=\"1610\">ADVERTISEMENT COOKIES<\/strong><\/p><p class=\"\" data-start=\"1613\" data-end=\"1825\">Advertisement cookies are used to deliver targeted advertising based on your browsing behavior and interests. They help us measure the effectiveness of our campaigns and improve the relevance of ads shown to you.<\/p><hr class=\"\" data-start=\"1827\" data-end=\"1830\" \/><p class=\"\" data-start=\"1832\" data-end=\"1862\"><strong data-start=\"1836\" data-end=\"1860\">YOUR CONSENT MATTERS<\/strong><\/p><p class=\"\" data-start=\"1863\" data-end=\"2014\">Cookies categorized as \u201cNecessary\u201d will be stored in your browser by default. All other cookies will only be used with your prior and explicit consent.<\/p><p class=\"\" data-start=\"2016\" data-end=\"2201\">You can manage your cookie preferences at any time by clicking on \u201cCookie Settings\u201d at the bottom of the website. Disabling some types of cookies may impact your experience on the site.<\/p><p class=\"\" data-start=\"2203\" data-end=\"2330\">For more details, visit our\u00a0<a class=\"\" href=\"https:\/\/ashermantherapy.com\/privacy-policy\" rel=\"noopener\" data-start=\"2231\" data-end=\"2250\">Privacy Policy<\/a>\u00a0or contact us at\u00a0<a class=\"cursor-pointer\" rel=\"noopener\" data-start=\"2268\" data-end=\"2329\">gdpr@ashermantherapy.com<\/a>.<\/p><p data-start=\"4113\" data-end=\"4539\"><strong data-start=\"5379\" data-end=\"5404\">HOW TO MANAGE COOKIES<\/strong><\/p><p class=\"\" data-start=\"5405\" data-end=\"5476\">You can manage, block, or delete cookies through your browser settings:<\/p><ul data-start=\"5478\" data-end=\"5796\"><li class=\"\" data-start=\"5478\" data-end=\"5549\"><p class=\"\" data-start=\"5480\" data-end=\"5549\"><strong data-start=\"5480\" data-end=\"5497\">Edge\/Explorer<\/strong>:\u00a0<a class=\"\" href=\"https:\/\/support.microsoft.com\/\" target=\"_new\" rel=\"noopener\" data-start=\"5499\" data-end=\"5549\">Microsoft Support<\/a><\/p><\/li><li class=\"\" data-start=\"5550\" data-end=\"5611\"><p class=\"\" data-start=\"5552\" data-end=\"5611\"><strong data-start=\"5552\" data-end=\"5563\">Firefox<\/strong>:\u00a0<a class=\"\" href=\"https:\/\/support.mozilla.org\/\" target=\"_new\" rel=\"noopener\" data-start=\"5565\" data-end=\"5611\">Mozilla Support<\/a><\/p><\/li><li class=\"\" data-start=\"5612\" data-end=\"5690\"><p class=\"\" data-start=\"5614\" data-end=\"5690\"><strong data-start=\"5614\" data-end=\"5624\">Chrome<\/strong>:\u00a0<a class=\"\" href=\"https:\/\/support.google.com\/chrome\/answer\/95647\" target=\"_new\" rel=\"noopener\" data-start=\"5626\" data-end=\"5690\">Google Support<\/a><\/p><\/li><li class=\"\" data-start=\"5691\" data-end=\"5747\"><p class=\"\" data-start=\"5693\" data-end=\"5747\"><strong data-start=\"5693\" data-end=\"5703\">Safari<\/strong>:\u00a0<a class=\"\" href=\"https:\/\/apple.com\/privacy\" target=\"_new\" rel=\"noopener\" data-start=\"5705\" data-end=\"5747\">Apple Privacy<\/a><\/p><\/li><li class=\"\" data-start=\"5748\" data-end=\"5796\"><p class=\"\" data-start=\"5750\" data-end=\"5796\"><strong data-start=\"5750\" data-end=\"5759\">Opera<\/strong>:\u00a0<a class=\"\" href=\"http:\/\/help.opera.com\/\" target=\"_new\" rel=\"noopener\" data-start=\"5761\" data-end=\"5796\">Opera Help<\/a><\/p><\/li><\/ul><p class=\"\" data-start=\"5798\" data-end=\"5826\">You can also use tools like:<\/p><ul data-start=\"5828\" data-end=\"5924\"><li class=\"\" data-start=\"5828\" data-end=\"5867\"><p class=\"\" data-start=\"5830\" data-end=\"5867\"><a class=\"\" href=\"https:\/\/www.ghostery.com\/\" target=\"_new\" rel=\"noopener\" data-start=\"5830\" data-end=\"5867\">Ghostery<\/a><\/p><\/li><li class=\"\" data-start=\"5868\" data-end=\"5924\"><p class=\"\" data-start=\"5870\" data-end=\"5924\"><a class=\"\" href=\"https:\/\/www.youronlinechoices.com\/\" target=\"_new\" rel=\"noopener\" data-start=\"5870\" data-end=\"5924\">YourOnlineChoices<\/a><\/p><\/li><\/ul><p class=\"\" data-start=\"5926\" data-end=\"6024\">To disable Google Analytics, use their\u00a0<a class=\"cursor-pointer\" target=\"_new\" rel=\"noopener\" data-start=\"5965\" data-end=\"6023\">opt-out plugin<\/a>.<\/p><p data-start=\"5926\" data-end=\"6024\"><img decoding=\"async\" class=\"emoji\" role=\"img\" draggable=\"false\" src=\"https:\/\/s.w.org\/images\/core\/emoji\/17.0.2\/svg\/26a0.svg\" alt=\"\u26a0\ufe0f\" \/>\u00a0Please note: Disabling cookies may affect how this website functions and your experience while browsing.<\/p>\t\t\t\t\t\t\t\t<\/div>\n\t\t\t\t\t<\/div>\n\t\t\t\t<\/div>\n\t\t<div class=\"elementor-element elementor-element-77515d1 e-con-full e-flex e-con e-child\" data-id=\"77515d1\" data-element_type=\"container\" data-e-type=\"container\" data-settings=\"{&quot;_ha_eqh_enable&quot;:false}\">\n\t\t\t\t<div class=\"elementor-element elementor-element-bdece0a elementor-invisible elementor-widget elementor-widget-heading\" data-id=\"bdece0a\" data-element_type=\"widget\" data-e-type=\"widget\" data-settings=\"{&quot;_animation&quot;:&quot;fadeIn&quot;}\" data-widget_type=\"heading.default\">\n\t\t\t\t\t<h2 class=\"elementor-heading-title elementor-size-default\">Pol\u00edtica de Cookies<\/h2>\t\t\t\t<\/div>\n\t\t\t\t<div class=\"elementor-element elementor-element-d8bce02 elementor-widget elementor-widget-text-editor\" data-id=\"d8bce02\" data-element_type=\"widget\" data-e-type=\"widget\" data-widget_type=\"text-editor.default\">\n\t\t\t\t\t\t\t\t\t<div class=\"elementor-element elementor-element-e41807e elementor-widget elementor-widget-text-editor\" data-id=\"e41807e\" data-element_type=\"widget\" data-widget_type=\"text-editor.default\"><div class=\"elementor-widget-container\"><p data-start=\"172\" data-end=\"396\">Utilizamos cookies para facilitar el uso de nuestra p\u00e1gina web. Las cookies son peque\u00f1os ficheros de informaci\u00f3n que nos permiten comparar y entender c\u00f3mo nuestros usuarios navegan a trav\u00e9s de nuestra p\u00e1gina web, y de esta manera poder mejorar consecuentemente el proceso de navegaci\u00f3n. Las cookies que utilizamos no almacenan dato personal alguno, ni ning\u00fan tipo de informaci\u00f3n que pueda identificarle. En caso de no querer recibir cookies, por favor configure su navegador de Internet para que las borre del disco duro de su ordenador, las bloquee o le avise en caso de instalaci\u00f3n de las mismas. Para continuar sin cambios en la configuraci\u00f3n de las cookies, simplemente contin\u00fae en la p\u00e1gina web.<\/p><p data-start=\"172\" data-end=\"396\">Puedes obtener m\u00e1s informaci\u00f3n sobre las cookies y su uso en\u00a0<a href=\"http:\/\/www.aboutcookies.org\/\" target=\"_blank\" rel=\"noopener\">www.aboutcookies.org<\/a>.<\/p><p data-start=\"172\" data-end=\"396\"><strong>Los tipos de cookies que utilizamos<\/strong><\/p><p data-start=\"398\" data-end=\"420\"><strong>COOKIES NECESARIAS<\/strong><\/p><p data-start=\"422\" data-end=\"682\">Estas cookies son imprescindibles para el funcionamiento correcto del sitio web. Permiten funciones b\u00e1sicas como la seguridad, la gesti\u00f3n de red o la accesibilidad. Las cookies necesarias est\u00e1n siempre activas y no almacenan informaci\u00f3n personal identificable.<\/p><p data-start=\"684\" data-end=\"707\"><strong>COOKIES FUNCIONALES<\/strong><\/p><p data-start=\"709\" data-end=\"958\">Estas cookies permiten funcionalidades mejoradas y personalizaci\u00f3n, como recordar tus preferencias o los datos de inicio de sesi\u00f3n. Pueden ser establecidas por nosotros o por proveedores externos cuyos servicios hemos incorporado a nuestras p\u00e1ginas.<\/p><p data-start=\"960\" data-end=\"983\"><strong>COOKIES DE AN\u00c1LISIS<\/strong><\/p><p data-start=\"985\" data-end=\"1296\">Utilizamos cookies anal\u00edticas para comprender c\u00f3mo interact\u00faan los visitantes con el sitio web. Estas cookies nos permiten obtener informaci\u00f3n estad\u00edstica sobre visitas a p\u00e1ginas, tasas de rebote y fuentes de tr\u00e1fico. Todos los datos recopilados son an\u00f3nimos y se utilizan exclusivamente con fines estad\u00edsticos.<\/p><p data-start=\"1298\" data-end=\"1324\"><strong>COOKIES DE RENDIMIENTO<\/strong><\/p><p data-start=\"1326\" data-end=\"1525\">Estas cookies nos permiten medir y mejorar el rendimiento del sitio. Nos ayudan a conocer qu\u00e9 p\u00e1ginas son m\u00e1s visitadas, c\u00f3mo se mueven los usuarios por el sitio y si experimentan problemas t\u00e9cnicos.<\/p><p data-start=\"1527\" data-end=\"1552\"><strong>COOKIES DE PUBLICIDAD<\/strong><\/p><p data-start=\"1554\" data-end=\"1804\">Las cookies publicitarias se utilizan para mostrar anuncios personalizados en funci\u00f3n de tu comportamiento de navegaci\u00f3n e intereses. Nos ayudan a medir la eficacia de nuestras campa\u00f1as publicitarias y a mejorar la relevancia de los anuncios que ves.<\/p><p data-start=\"1811\" data-end=\"1846\"><strong>TU CONSENTIMIENTO ES IMPORTANTE<\/strong><\/p><p data-start=\"1848\" data-end=\"2021\">Las cookies clasificadas como \u201cnecesarias\u201d se almacenar\u00e1n autom\u00e1ticamente en tu navegador. Todas las dem\u00e1s cookies solo se utilizar\u00e1n con tu consentimiento previo y expreso.<\/p><p data-start=\"2023\" data-end=\"2268\">Puedes gestionar tus preferencias de cookies en cualquier momento haciendo clic en \u201cConfiguraci\u00f3n de cookies\u201d en la parte inferior del sitio web. Ten en cuenta que deshabilitar ciertos tipos de cookies puede afectar tu experiencia de navegaci\u00f3n.<\/p><p data-start=\"2270\" data-end=\"2378\">Para m\u00e1s informaci\u00f3n, consulta nuestra\u00a0<a href=\"https:\/\/ashermantherapy.com\/privacy-policy\/\">Pol\u00edtica de Privacidad<\/a>\u00a0o escr\u00edbenos a\u00a0<a class=\"cursor-pointer\" rel=\"noopener\" data-start=\"2351\" data-end=\"2375\">gdpr@ashermantherapy.com<\/a>.<\/p><p data-start=\"2385\" data-end=\"2417\"><strong>\u00bfC\u00d3MO GESTIONAR LAS COOKIES?<\/strong><\/p><p data-start=\"2419\" data-end=\"2508\">Puedes gestionar, bloquear o eliminar las cookies desde la configuraci\u00f3n de tu navegador:<\/p><ul data-start=\"2510\" data-end=\"2818\"><li data-start=\"2510\" data-end=\"2590\"><p data-start=\"2512\" data-end=\"2590\"><strong data-start=\"2512\" data-end=\"2538\">Edge\/Internet Explorer<\/strong>:\u00a0<a class=\"\" href=\"https:\/\/support.microsoft.com\/\" target=\"_new\" rel=\"noopener\" data-start=\"2540\" data-end=\"2590\">Microsoft Support<\/a><\/p><\/li><li data-start=\"2591\" data-end=\"2652\"><p data-start=\"2593\" data-end=\"2652\"><strong data-start=\"2593\" data-end=\"2604\">Firefox<\/strong>:\u00a0<a class=\"\" href=\"https:\/\/support.mozilla.org\/\" target=\"_new\" rel=\"noopener\" data-start=\"2606\" data-end=\"2652\">Mozilla Support<\/a><\/p><\/li><li data-start=\"2653\" data-end=\"2711\"><p data-start=\"2655\" data-end=\"2711\"><strong data-start=\"2655\" data-end=\"2665\">Chrome<\/strong>:\u00a0<a class=\"\" href=\"https:\/\/support.google.com\/\" target=\"_new\" rel=\"noopener\" data-start=\"2667\" data-end=\"2711\">Google Support<\/a><\/p><\/li><li data-start=\"2712\" data-end=\"2768\"><p data-start=\"2714\" data-end=\"2768\"><strong data-start=\"2714\" data-end=\"2724\">Safari<\/strong>:\u00a0<a class=\"\" href=\"https:\/\/support.apple.com\/\" target=\"_new\" rel=\"noopener\" data-start=\"2726\" data-end=\"2768\">Apple Privacy<\/a><\/p><\/li><li data-start=\"2769\" data-end=\"2818\"><p data-start=\"2771\" data-end=\"2818\"><strong data-start=\"2771\" data-end=\"2780\">Opera<\/strong>:\u00a0<a class=\"cursor-pointer\" href=\"http:\/\/help.opera.com\/\" target=\"_new\" rel=\"noopener\" data-start=\"2782\" data-end=\"2818\">Opera Help<\/a><\/p><\/li><\/ul><p data-start=\"2820\" data-end=\"2862\">Tambi\u00e9n puedes utilizar herramientas como:<\/p><ul data-start=\"2864\" data-end=\"2961\"><li data-start=\"2864\" data-end=\"2903\"><p data-start=\"2866\" data-end=\"2903\"><a class=\"\" href=\"https:\/\/www.ghostery.com\/\" target=\"_new\" rel=\"noopener\" data-start=\"2866\" data-end=\"2903\">Ghostery<\/a><\/p><\/li><li data-start=\"2904\" data-end=\"2961\"><p data-start=\"2906\" data-end=\"2961\"><a class=\"\" href=\"https:\/\/www.youronlinechoices.com\/\" target=\"_new\" rel=\"noopener\" data-start=\"2906\" data-end=\"2961\">YourOnlineChoices<\/a><\/p><\/li><\/ul><p data-start=\"2963\" data-end=\"3090\">Para desactivar Google Analytics, puedes instalar su\u00a0<a class=\"cursor-pointer\" target=\"_new\" rel=\"noopener\" data-start=\"3016\" data-end=\"3089\">complemento de inhabilitaci\u00f3n<\/a>.<\/p><p data-start=\"3092\" data-end=\"3211\"><img decoding=\"async\" class=\"emoji\" role=\"img\" draggable=\"false\" src=\"https:\/\/s.w.org\/images\/core\/emoji\/17.0.2\/svg\/26a0.svg\" alt=\"\u26a0\ufe0f\" \/>\u00a0<em data-start=\"3095\" data-end=\"3107\">Importante<\/em>: desactivar las cookies puede afectar al funcionamiento del sitio web y a tu experiencia de navegaci\u00f3n.<\/p><\/div><\/div><div class=\"elementor-element elementor-element-596869c elementor-widget-divider--view-line elementor-widget elementor-widget-divider\" data-id=\"596869c\" data-element_type=\"widget\" data-widget_type=\"divider.default\"><div class=\"elementor-widget-container\"><div class=\"elementor-divider\">\u00a0<\/div><\/div><\/div>\t\t\t\t\t\t\t\t<\/div>\n\t\t\t\t<\/div>\n\t\t\t\t<\/div>\n\t\t\t\t\t<\/div>\n\t\t\t\t<\/div>\n\t\t\t\t<\/div>\n\t\t","protected":false},"excerpt":{"rendered":"<p>Cookie Policy We use cookies to help you navigate the site efficiently and to enable essential features. Below you\u2019ll find detailed information about the types of cookies we use and your options for managing them. NECESSARY COOKIES These cookies are essential for the proper functioning of the website. They enable core features such as security, [&hellip;]<\/p>\n","protected":false},"author":1,"featured_media":0,"parent":0,"menu_order":0,"comment_status":"closed","ping_status":"closed","template":"","meta":{"_joinchat":[],"footnotes":""},"class_list":["post-506","page","type-page","status-publish","hentry"],"yoast_head":"<!-- This site is optimized with the Yoast SEO plugin v26.9 - https:\/\/yoast.com\/product\/yoast-seo-wordpress\/ -->\n<title>Cookie Policy - ENDORENEW<\/title>\n<meta name=\"robots\" content=\"noindex, nofollow\" \/>\n<meta property=\"og:locale\" content=\"es_ES\" \/>\n<meta property=\"og:type\" content=\"article\" \/>\n<meta property=\"og:title\" content=\"Cookie Policy - ENDORENEW\" \/>\n<meta property=\"og:description\" content=\"Cookie Policy We use cookies to help you navigate the site efficiently and to enable essential features. Below you\u2019ll find detailed information about the types of cookies we use and your options for managing them. NECESSARY COOKIES These cookies are essential for the proper functioning of the website. They enable core features such as security, [&hellip;]\" \/>\n<meta property=\"og:url\" content=\"https:\/\/ashermantherapy-com.s54.somospecesvoladores.com\/index.php\/cookie-policy\/\" \/>\n<meta property=\"og:site_name\" content=\"ENDORENEW\" \/>\n<meta property=\"article:modified_time\" content=\"2026-02-11T13:57:05+00:00\" \/>\n<meta property=\"og:image\" content=\"https:\/\/s.w.org\/images\/core\/emoji\/17.0.2\/svg\/26a0.svg\" \/>\n<meta name=\"twitter:card\" content=\"summary_large_image\" \/>\n<meta name=\"twitter:label1\" content=\"Tiempo de lectura\" \/>\n\t<meta name=\"twitter:data1\" content=\"3 minutos\" \/>\n<script type=\"application\/ld+json\" class=\"yoast-schema-graph\">{\"@context\":\"https:\/\/schema.org\",\"@graph\":[{\"@type\":\"WebPage\",\"@id\":\"https:\/\/ashermantherapy-com.s54.somospecesvoladores.com\/index.php\/cookie-policy\/\",\"url\":\"https:\/\/ashermantherapy-com.s54.somospecesvoladores.com\/index.php\/cookie-policy\/\",\"name\":\"Cookie Policy - ENDORENEW\",\"isPartOf\":{\"@id\":\"https:\/\/ashermantherapy-com.s54.somospecesvoladores.com\/#website\"},\"primaryImageOfPage\":{\"@id\":\"https:\/\/ashermantherapy-com.s54.somospecesvoladores.com\/index.php\/cookie-policy\/#primaryimage\"},\"image\":{\"@id\":\"https:\/\/ashermantherapy-com.s54.somospecesvoladores.com\/index.php\/cookie-policy\/#primaryimage\"},\"thumbnailUrl\":\"https:\/\/s.w.org\/images\/core\/emoji\/17.0.2\/svg\/26a0.svg\",\"datePublished\":\"2026-01-14T11:33:19+00:00\",\"dateModified\":\"2026-02-11T13:57:05+00:00\",\"breadcrumb\":{\"@id\":\"https:\/\/ashermantherapy-com.s54.somospecesvoladores.com\/index.php\/cookie-policy\/#breadcrumb\"},\"inLanguage\":\"es\",\"potentialAction\":[{\"@type\":\"ReadAction\",\"target\":[\"https:\/\/ashermantherapy-com.s54.somospecesvoladores.com\/index.php\/cookie-policy\/\"]}]},{\"@type\":\"ImageObject\",\"inLanguage\":\"es\",\"@id\":\"https:\/\/ashermantherapy-com.s54.somospecesvoladores.com\/index.php\/cookie-policy\/#primaryimage\",\"url\":\"https:\/\/s.w.org\/images\/core\/emoji\/17.0.2\/svg\/26a0.svg\",\"contentUrl\":\"https:\/\/s.w.org\/images\/core\/emoji\/17.0.2\/svg\/26a0.svg\"},{\"@type\":\"BreadcrumbList\",\"@id\":\"https:\/\/ashermantherapy-com.s54.somospecesvoladores.com\/index.php\/cookie-policy\/#breadcrumb\",\"itemListElement\":[{\"@type\":\"ListItem\",\"position\":1,\"name\":\"Portada\",\"item\":\"https:\/\/ashermantherapy-com.s54.somospecesvoladores.com\/\"},{\"@type\":\"ListItem\",\"position\":2,\"name\":\"Cookie Policy\"}]},{\"@type\":\"WebSite\",\"@id\":\"https:\/\/ashermantherapy-com.s54.somospecesvoladores.com\/#website\",\"url\":\"https:\/\/ashermantherapy-com.s54.somospecesvoladores.com\/\",\"name\":\"ENDORENEW\",\"description\":\"\",\"publisher\":{\"@id\":\"https:\/\/ashermantherapy-com.s54.somospecesvoladores.com\/#organization\"},\"potentialAction\":[{\"@type\":\"SearchAction\",\"target\":{\"@type\":\"EntryPoint\",\"urlTemplate\":\"https:\/\/ashermantherapy-com.s54.somospecesvoladores.com\/?s={search_term_string}\"},\"query-input\":{\"@type\":\"PropertyValueSpecification\",\"valueRequired\":true,\"valueName\":\"search_term_string\"}}],\"inLanguage\":\"es\"},{\"@type\":\"Organization\",\"@id\":\"https:\/\/ashermantherapy-com.s54.somospecesvoladores.com\/#organization\",\"name\":\"ENDORENEW\",\"url\":\"https:\/\/ashermantherapy-com.s54.somospecesvoladores.com\/\",\"logo\":{\"@type\":\"ImageObject\",\"inLanguage\":\"es\",\"@id\":\"https:\/\/ashermantherapy-com.s54.somospecesvoladores.com\/#\/schema\/logo\/image\/\",\"url\":\"https:\/\/ashermantherapy-com.s54.somospecesvoladores.com\/wp-content\/uploads\/2025\/12\/Logo-endorenew.png\",\"contentUrl\":\"https:\/\/ashermantherapy-com.s54.somospecesvoladores.com\/wp-content\/uploads\/2025\/12\/Logo-endorenew.png\",\"width\":1710,\"height\":528,\"caption\":\"ENDORENEW\"},\"image\":{\"@id\":\"https:\/\/ashermantherapy-com.s54.somospecesvoladores.com\/#\/schema\/logo\/image\/\"}}]}<\/script>\n<!-- \/ Yoast SEO plugin. -->","yoast_head_json":{"title":"Cookie Policy - ENDORENEW","robots":{"index":"noindex","follow":"nofollow"},"og_locale":"es_ES","og_type":"article","og_title":"Cookie Policy - ENDORENEW","og_description":"Cookie Policy We use cookies to help you navigate the site efficiently and to enable essential features. Below you\u2019ll find detailed information about the types of cookies we use and your options for managing them. NECESSARY COOKIES These cookies are essential for the proper functioning of the website. They enable core features such as security, [&hellip;]","og_url":"https:\/\/ashermantherapy-com.s54.somospecesvoladores.com\/index.php\/cookie-policy\/","og_site_name":"ENDORENEW","article_modified_time":"2026-02-11T13:57:05+00:00","og_image":[{"url":"https:\/\/s.w.org\/images\/core\/emoji\/17.0.2\/svg\/26a0.svg","type":"","width":"","height":""}],"twitter_card":"summary_large_image","twitter_misc":{"Tiempo de lectura":"3 minutos"},"schema":{"@context":"https:\/\/schema.org","@graph":[{"@type":"WebPage","@id":"https:\/\/ashermantherapy-com.s54.somospecesvoladores.com\/index.php\/cookie-policy\/","url":"https:\/\/ashermantherapy-com.s54.somospecesvoladores.com\/index.php\/cookie-policy\/","name":"Cookie Policy - ENDORENEW","isPartOf":{"@id":"https:\/\/ashermantherapy-com.s54.somospecesvoladores.com\/#website"},"primaryImageOfPage":{"@id":"https:\/\/ashermantherapy-com.s54.somospecesvoladores.com\/index.php\/cookie-policy\/#primaryimage"},"image":{"@id":"https:\/\/ashermantherapy-com.s54.somospecesvoladores.com\/index.php\/cookie-policy\/#primaryimage"},"thumbnailUrl":"https:\/\/s.w.org\/images\/core\/emoji\/17.0.2\/svg\/26a0.svg","datePublished":"2026-01-14T11:33:19+00:00","dateModified":"2026-02-11T13:57:05+00:00","breadcrumb":{"@id":"https:\/\/ashermantherapy-com.s54.somospecesvoladores.com\/index.php\/cookie-policy\/#breadcrumb"},"inLanguage":"es","potentialAction":[{"@type":"ReadAction","target":["https:\/\/ashermantherapy-com.s54.somospecesvoladores.com\/index.php\/cookie-policy\/"]}]},{"@type":"ImageObject","inLanguage":"es","@id":"https:\/\/ashermantherapy-com.s54.somospecesvoladores.com\/index.php\/cookie-policy\/#primaryimage","url":"https:\/\/s.w.org\/images\/core\/emoji\/17.0.2\/svg\/26a0.svg","contentUrl":"https:\/\/s.w.org\/images\/core\/emoji\/17.0.2\/svg\/26a0.svg"},{"@type":"BreadcrumbList","@id":"https:\/\/ashermantherapy-com.s54.somospecesvoladores.com\/index.php\/cookie-policy\/#breadcrumb","itemListElement":[{"@type":"ListItem","position":1,"name":"Portada","item":"https:\/\/ashermantherapy-com.s54.somospecesvoladores.com\/"},{"@type":"ListItem","position":2,"name":"Cookie Policy"}]},{"@type":"WebSite","@id":"https:\/\/ashermantherapy-com.s54.somospecesvoladores.com\/#website","url":"https:\/\/ashermantherapy-com.s54.somospecesvoladores.com\/","name":"ENDORENEW","description":"","publisher":{"@id":"https:\/\/ashermantherapy-com.s54.somospecesvoladores.com\/#organization"},"potentialAction":[{"@type":"SearchAction","target":{"@type":"EntryPoint","urlTemplate":"https:\/\/ashermantherapy-com.s54.somospecesvoladores.com\/?s={search_term_string}"},"query-input":{"@type":"PropertyValueSpecification","valueRequired":true,"valueName":"search_term_string"}}],"inLanguage":"es"},{"@type":"Organization","@id":"https:\/\/ashermantherapy-com.s54.somospecesvoladores.com\/#organization","name":"ENDORENEW","url":"https:\/\/ashermantherapy-com.s54.somospecesvoladores.com\/","logo":{"@type":"ImageObject","inLanguage":"es","@id":"https:\/\/ashermantherapy-com.s54.somospecesvoladores.com\/#\/schema\/logo\/image\/","url":"https:\/\/ashermantherapy-com.s54.somospecesvoladores.com\/wp-content\/uploads\/2025\/12\/Logo-endorenew.png","contentUrl":"https:\/\/ashermantherapy-com.s54.somospecesvoladores.com\/wp-content\/uploads\/2025\/12\/Logo-endorenew.png","width":1710,"height":528,"caption":"ENDORENEW"},"image":{"@id":"https:\/\/ashermantherapy-com.s54.somospecesvoladores.com\/#\/schema\/logo\/image\/"}}]}},"_links":{"self":[{"href":"https:\/\/ashermantherapy-com.s54.somospecesvoladores.com\/index.php\/wp-json\/wp\/v2\/pages\/506","targetHints":{"allow":["GET"]}}],"collection":[{"href":"https:\/\/ashermantherapy-com.s54.somospecesvoladores.com\/index.php\/wp-json\/wp\/v2\/pages"}],"about":[{"href":"https:\/\/ashermantherapy-com.s54.somospecesvoladores.com\/index.php\/wp-json\/wp\/v2\/types\/page"}],"author":[{"embeddable":true,"href":"https:\/\/ashermantherapy-com.s54.somospecesvoladores.com\/index.php\/wp-json\/wp\/v2\/users\/1"}],"replies":[{"embeddable":true,"href":"https:\/\/ashermantherapy-com.s54.somospecesvoladores.com\/index.php\/wp-json\/wp\/v2\/comments?post=506"}],"version-history":[{"count":0,"href":"https:\/\/ashermantherapy-com.s54.somospecesvoladores.com\/index.php\/wp-json\/wp\/v2\/pages\/506\/revisions"}],"wp:attachment":[{"href":"https:\/\/ashermantherapy-com.s54.somospecesvoladores.com\/index.php\/wp-json\/wp\/v2\/media?parent=506"}],"curies":[{"name":"wp","href":"https:\/\/api.w.org\/{rel}","templated":true}]}}