{"id":3009,"date":"2026-02-11T14:00:59","date_gmt":"2026-02-11T14:00:59","guid":{"rendered":"https:\/\/ashermantherapy-com.s54.somospecesvoladores.com\/?page_id=3009"},"modified":"2026-02-11T14:03:16","modified_gmt":"2026-02-11T14:03:16","slug":"accessibility-statement","status":"publish","type":"page","link":"https:\/\/ashermantherapy-com.s54.somospecesvoladores.com\/index.php\/accessibility-statement\/","title":{"rendered":"Accessibility statement"},"content":{"rendered":"\t\t<div data-elementor-type=\"wp-page\" data-elementor-id=\"3009\" class=\"elementor elementor-3009\" data-elementor-settings=\"{&quot;ha_cmc_init_switcher&quot;:&quot;no&quot;}\" data-elementor-post-type=\"page\">\n\t\t\t\t<div class=\"elementor-element elementor-element-af868ea e-flex e-con-boxed e-con e-parent\" data-id=\"af868ea\" data-element_type=\"container\" data-e-type=\"container\" data-settings=\"{&quot;_ha_eqh_enable&quot;:false}\">\n\t\t\t\t\t<div class=\"e-con-inner\">\n\t\t<div class=\"elementor-element elementor-element-bf3eaba e-con-full e-flex e-con e-child\" data-id=\"bf3eaba\" data-element_type=\"container\" data-e-type=\"container\" data-settings=\"{&quot;_ha_eqh_enable&quot;:false}\">\n\t\t<div class=\"elementor-element elementor-element-92a1490 e-flex e-con-boxed e-con e-child\" data-id=\"92a1490\" data-element_type=\"container\" data-e-type=\"container\" data-settings=\"{&quot;_ha_eqh_enable&quot;:false}\">\n\t\t\t\t\t<div class=\"e-con-inner\">\n\t\t\t\t<div class=\"elementor-element elementor-element-6397829 elementor-invisible elementor-widget elementor-widget-heading\" data-id=\"6397829\" data-element_type=\"widget\" data-e-type=\"widget\" data-settings=\"{&quot;_animation&quot;:&quot;fadeIn&quot;}\" data-widget_type=\"heading.default\">\n\t\t\t\t\t<h1 class=\"elementor-heading-title elementor-size-default\">Accessibility statement<\/h1>\t\t\t\t<\/div>\n\t\t\t\t<div class=\"elementor-element elementor-element-7565170 elementor-widget elementor-widget-text-editor\" data-id=\"7565170\" data-element_type=\"widget\" data-e-type=\"widget\" data-widget_type=\"text-editor.default\">\n\t\t\t\t\t\t\t\t\t<p><a href=\"http:\/\/www.endorenew.com\">www.endorenew.com<\/a> Accessibility statement.<\/p><p>ASHERMAN THERAPY S.L is committed to ensuring digital accessibility for people with disabilities. We are continuously improving the user experience for everyone and applying relevant accessibility standards.<\/p><p>Compliance status<br \/>The Web Content Accessibility Guidelines (WCAG) define the requirements that designers and developers must meet to improve accessibility for people with disabilities. It defines three levels of compliance: Level A, Level AA and Level AAA.<br \/>ASHERMAN THERAPY S.L constantly strives to improve the accessibility of its website and services, believing that it is our collective moral obligation to enable smooth, accessible and unhindered use for people with disabilities.<br \/>Our goal is for all pages and content on www.endorenew.com to be accessible, but some content may not yet fully comply with the strictest accessibility standards. This may be due to difficulties in identifying the most appropriate technological solution.<br \/>We may revise this Statement periodically to reflect improvements or changes in our accessibility practices.<\/p><p>Suggestions<br \/>We welcome your feedback on the accessibility of the ASHERMAN THERAPY S.L. website. Please let us know if you encounter any accessibility barriers on our website:<br \/>Email: gdpr@ashermantherapy.com<br \/>We aim to respond to your comments within 3 to 5 working days.<br \/>This statement was created on 11\/2\/2026.<\/p>\t\t\t\t\t\t\t\t<\/div>\n\t\t\t\t\t<\/div>\n\t\t\t\t<\/div>\n\t\t<div class=\"elementor-element elementor-element-77515d1 e-con-full e-flex e-con e-child\" data-id=\"77515d1\" data-element_type=\"container\" data-e-type=\"container\" data-settings=\"{&quot;_ha_eqh_enable&quot;:false}\">\n\t\t\t\t<div class=\"elementor-element elementor-element-bdece0a elementor-invisible elementor-widget elementor-widget-heading\" data-id=\"bdece0a\" data-element_type=\"widget\" data-e-type=\"widget\" data-settings=\"{&quot;_animation&quot;:&quot;fadeIn&quot;}\" data-widget_type=\"heading.default\">\n\t\t\t\t\t<h2 class=\"elementor-heading-title elementor-size-default\">Declaraci\u00f3n de Accesibilidad<\/h2>\t\t\t\t<\/div>\n\t\t\t\t<div class=\"elementor-element elementor-element-d8bce02 elementor-widget elementor-widget-text-editor\" data-id=\"d8bce02\" data-element_type=\"widget\" data-e-type=\"widget\" data-widget_type=\"text-editor.default\">\n\t\t\t\t\t\t\t\t\t<p>Declaraci\u00f3n de accesibilidad de <a href=\"http:\/\/www.endorenew.com\">www.endorenew.com<\/a>.<\/p><p>ASHERMAN THERAPY S.L se compromete a garantizar la accesibilidad digital de las personas con discapacidad. Mejoramos continuamente la experiencia de usuario para todos y aplicamos las normas de accesibilidad pertinentes.<\/p><p>Estado de conformidad<br \/>Las Pautas de Accesibilidad al Contenido en la Web (WCAG) definen los requisitos que deben cumplir los dise\u00f1adores y desarrolladores para mejorar la accesibilidad de las personas con discapacidad. Define tres niveles de conformidad: Nivel A, Nivel AA y Nivel AAA.<br \/>ASHERMAN THERAPY S.L se esfuerza constantemente por mejorar la accesibilidad de su sitio web y sus servicios con la convicci\u00f3n de que es nuestra obligaci\u00f3n moral colectiva permitir un uso fluido, accesible y sin trabas a las personas con discapacidad.<br \/>Nuestro objetivo es que todas las p\u00e1ginas y contenidos de www.endorenew.com sean accesibles, pero es posible que algunos contenidos a\u00fan no cumplan plenamente las normas de accesibilidad m\u00e1s estrictas. Esto puede deberse a dificultades a la hora de identificar la soluci\u00f3n tecnol\u00f3gica m\u00e1s adecuada.<br \/>Podemos revisar esta Declaraci\u00f3n peri\u00f3dicamente para reflejar mejoras o cambios en nuestras pr\u00e1cticas de accesibilidad.<\/p><p>Sugerencias<br \/>Agradecemos sus comentarios sobre la accesibilidad del sitio web de ASHERMAN THERAPY S.L. Por favor, h\u00e1ganos saber si encuentra barreras de accesibilidad en nuestro sitio web:<br \/>Correo electr\u00f3nico: gdpr@ashermantherapy.com<br \/>Intentamos responder a sus comentarios en un plazo de 3 a 5 d\u00edas laborables.<br \/>Esta declaraci\u00f3n fue creada el 11\/2\/2026<\/p>\t\t\t\t\t\t\t\t<\/div>\n\t\t\t\t<\/div>\n\t\t\t\t<\/div>\n\t\t\t\t\t<\/div>\n\t\t\t\t<\/div>\n\t\t\t\t<\/div>\n\t\t","protected":false},"excerpt":{"rendered":"<p>Accessibility statement www.endorenew.com Accessibility statement. ASHERMAN THERAPY S.L is committed to ensuring digital accessibility for people with disabilities. We are continuously improving the user experience for everyone and applying relevant accessibility standards. Compliance statusThe Web Content Accessibility Guidelines (WCAG) define the requirements that designers and developers must meet to improve accessibility for people with disabilities. [&hellip;]<\/p>\n","protected":false},"author":1,"featured_media":0,"parent":0,"menu_order":0,"comment_status":"closed","ping_status":"closed","template":"","meta":{"_joinchat":[],"footnotes":""},"class_list":["post-3009","page","type-page","status-publish","hentry"],"yoast_head":"<!-- This site is optimized with the Yoast SEO plugin v26.9 - https:\/\/yoast.com\/product\/yoast-seo-wordpress\/ -->\n<title>Accessibility statement - ENDORENEW<\/title>\n<meta name=\"robots\" content=\"noindex, nofollow\" \/>\n<meta property=\"og:locale\" content=\"es_ES\" \/>\n<meta property=\"og:type\" content=\"article\" \/>\n<meta property=\"og:title\" content=\"Accessibility statement - ENDORENEW\" \/>\n<meta property=\"og:description\" content=\"Accessibility statement www.endorenew.com Accessibility statement. ASHERMAN THERAPY S.L is committed to ensuring digital accessibility for people with disabilities. We are continuously improving the user experience for everyone and applying relevant accessibility standards. Compliance statusThe Web Content Accessibility Guidelines (WCAG) define the requirements that designers and developers must meet to improve accessibility for people with disabilities. [&hellip;]\" \/>\n<meta property=\"og:url\" content=\"https:\/\/ashermantherapy-com.s54.somospecesvoladores.com\/index.php\/accessibility-statement\/\" \/>\n<meta property=\"og:site_name\" content=\"ENDORENEW\" \/>\n<meta property=\"article:modified_time\" content=\"2026-02-11T14:03:16+00:00\" \/>\n<meta name=\"twitter:card\" content=\"summary_large_image\" \/>\n<meta name=\"twitter:label1\" content=\"Tiempo de lectura\" \/>\n\t<meta name=\"twitter:data1\" content=\"2 minutos\" \/>\n<script type=\"application\/ld+json\" class=\"yoast-schema-graph\">{\"@context\":\"https:\/\/schema.org\",\"@graph\":[{\"@type\":\"WebPage\",\"@id\":\"https:\/\/ashermantherapy-com.s54.somospecesvoladores.com\/index.php\/accessibility-statement\/\",\"url\":\"https:\/\/ashermantherapy-com.s54.somospecesvoladores.com\/index.php\/accessibility-statement\/\",\"name\":\"Accessibility statement - ENDORENEW\",\"isPartOf\":{\"@id\":\"https:\/\/ashermantherapy-com.s54.somospecesvoladores.com\/#website\"},\"datePublished\":\"2026-02-11T14:00:59+00:00\",\"dateModified\":\"2026-02-11T14:03:16+00:00\",\"breadcrumb\":{\"@id\":\"https:\/\/ashermantherapy-com.s54.somospecesvoladores.com\/index.php\/accessibility-statement\/#breadcrumb\"},\"inLanguage\":\"es\",\"potentialAction\":[{\"@type\":\"ReadAction\",\"target\":[\"https:\/\/ashermantherapy-com.s54.somospecesvoladores.com\/index.php\/accessibility-statement\/\"]}]},{\"@type\":\"BreadcrumbList\",\"@id\":\"https:\/\/ashermantherapy-com.s54.somospecesvoladores.com\/index.php\/accessibility-statement\/#breadcrumb\",\"itemListElement\":[{\"@type\":\"ListItem\",\"position\":1,\"name\":\"Portada\",\"item\":\"https:\/\/ashermantherapy-com.s54.somospecesvoladores.com\/\"},{\"@type\":\"ListItem\",\"position\":2,\"name\":\"Accessibility statement\"}]},{\"@type\":\"WebSite\",\"@id\":\"https:\/\/ashermantherapy-com.s54.somospecesvoladores.com\/#website\",\"url\":\"https:\/\/ashermantherapy-com.s54.somospecesvoladores.com\/\",\"name\":\"ENDORENEW\",\"description\":\"\",\"publisher\":{\"@id\":\"https:\/\/ashermantherapy-com.s54.somospecesvoladores.com\/#organization\"},\"potentialAction\":[{\"@type\":\"SearchAction\",\"target\":{\"@type\":\"EntryPoint\",\"urlTemplate\":\"https:\/\/ashermantherapy-com.s54.somospecesvoladores.com\/?s={search_term_string}\"},\"query-input\":{\"@type\":\"PropertyValueSpecification\",\"valueRequired\":true,\"valueName\":\"search_term_string\"}}],\"inLanguage\":\"es\"},{\"@type\":\"Organization\",\"@id\":\"https:\/\/ashermantherapy-com.s54.somospecesvoladores.com\/#organization\",\"name\":\"ENDORENEW\",\"url\":\"https:\/\/ashermantherapy-com.s54.somospecesvoladores.com\/\",\"logo\":{\"@type\":\"ImageObject\",\"inLanguage\":\"es\",\"@id\":\"https:\/\/ashermantherapy-com.s54.somospecesvoladores.com\/#\/schema\/logo\/image\/\",\"url\":\"https:\/\/ashermantherapy-com.s54.somospecesvoladores.com\/wp-content\/uploads\/2025\/12\/Logo-endorenew.png\",\"contentUrl\":\"https:\/\/ashermantherapy-com.s54.somospecesvoladores.com\/wp-content\/uploads\/2025\/12\/Logo-endorenew.png\",\"width\":1710,\"height\":528,\"caption\":\"ENDORENEW\"},\"image\":{\"@id\":\"https:\/\/ashermantherapy-com.s54.somospecesvoladores.com\/#\/schema\/logo\/image\/\"}}]}<\/script>\n<!-- \/ Yoast SEO plugin. -->","yoast_head_json":{"title":"Accessibility statement - ENDORENEW","robots":{"index":"noindex","follow":"nofollow"},"og_locale":"es_ES","og_type":"article","og_title":"Accessibility statement - ENDORENEW","og_description":"Accessibility statement www.endorenew.com Accessibility statement. ASHERMAN THERAPY S.L is committed to ensuring digital accessibility for people with disabilities. We are continuously improving the user experience for everyone and applying relevant accessibility standards. Compliance statusThe Web Content Accessibility Guidelines (WCAG) define the requirements that designers and developers must meet to improve accessibility for people with disabilities. [&hellip;]","og_url":"https:\/\/ashermantherapy-com.s54.somospecesvoladores.com\/index.php\/accessibility-statement\/","og_site_name":"ENDORENEW","article_modified_time":"2026-02-11T14:03:16+00:00","twitter_card":"summary_large_image","twitter_misc":{"Tiempo de lectura":"2 minutos"},"schema":{"@context":"https:\/\/schema.org","@graph":[{"@type":"WebPage","@id":"https:\/\/ashermantherapy-com.s54.somospecesvoladores.com\/index.php\/accessibility-statement\/","url":"https:\/\/ashermantherapy-com.s54.somospecesvoladores.com\/index.php\/accessibility-statement\/","name":"Accessibility statement - ENDORENEW","isPartOf":{"@id":"https:\/\/ashermantherapy-com.s54.somospecesvoladores.com\/#website"},"datePublished":"2026-02-11T14:00:59+00:00","dateModified":"2026-02-11T14:03:16+00:00","breadcrumb":{"@id":"https:\/\/ashermantherapy-com.s54.somospecesvoladores.com\/index.php\/accessibility-statement\/#breadcrumb"},"inLanguage":"es","potentialAction":[{"@type":"ReadAction","target":["https:\/\/ashermantherapy-com.s54.somospecesvoladores.com\/index.php\/accessibility-statement\/"]}]},{"@type":"BreadcrumbList","@id":"https:\/\/ashermantherapy-com.s54.somospecesvoladores.com\/index.php\/accessibility-statement\/#breadcrumb","itemListElement":[{"@type":"ListItem","position":1,"name":"Portada","item":"https:\/\/ashermantherapy-com.s54.somospecesvoladores.com\/"},{"@type":"ListItem","position":2,"name":"Accessibility statement"}]},{"@type":"WebSite","@id":"https:\/\/ashermantherapy-com.s54.somospecesvoladores.com\/#website","url":"https:\/\/ashermantherapy-com.s54.somospecesvoladores.com\/","name":"ENDORENEW","description":"","publisher":{"@id":"https:\/\/ashermantherapy-com.s54.somospecesvoladores.com\/#organization"},"potentialAction":[{"@type":"SearchAction","target":{"@type":"EntryPoint","urlTemplate":"https:\/\/ashermantherapy-com.s54.somospecesvoladores.com\/?s={search_term_string}"},"query-input":{"@type":"PropertyValueSpecification","valueRequired":true,"valueName":"search_term_string"}}],"inLanguage":"es"},{"@type":"Organization","@id":"https:\/\/ashermantherapy-com.s54.somospecesvoladores.com\/#organization","name":"ENDORENEW","url":"https:\/\/ashermantherapy-com.s54.somospecesvoladores.com\/","logo":{"@type":"ImageObject","inLanguage":"es","@id":"https:\/\/ashermantherapy-com.s54.somospecesvoladores.com\/#\/schema\/logo\/image\/","url":"https:\/\/ashermantherapy-com.s54.somospecesvoladores.com\/wp-content\/uploads\/2025\/12\/Logo-endorenew.png","contentUrl":"https:\/\/ashermantherapy-com.s54.somospecesvoladores.com\/wp-content\/uploads\/2025\/12\/Logo-endorenew.png","width":1710,"height":528,"caption":"ENDORENEW"},"image":{"@id":"https:\/\/ashermantherapy-com.s54.somospecesvoladores.com\/#\/schema\/logo\/image\/"}}]}},"_links":{"self":[{"href":"https:\/\/ashermantherapy-com.s54.somospecesvoladores.com\/index.php\/wp-json\/wp\/v2\/pages\/3009","targetHints":{"allow":["GET"]}}],"collection":[{"href":"https:\/\/ashermantherapy-com.s54.somospecesvoladores.com\/index.php\/wp-json\/wp\/v2\/pages"}],"about":[{"href":"https:\/\/ashermantherapy-com.s54.somospecesvoladores.com\/index.php\/wp-json\/wp\/v2\/types\/page"}],"author":[{"embeddable":true,"href":"https:\/\/ashermantherapy-com.s54.somospecesvoladores.com\/index.php\/wp-json\/wp\/v2\/users\/1"}],"replies":[{"embeddable":true,"href":"https:\/\/ashermantherapy-com.s54.somospecesvoladores.com\/index.php\/wp-json\/wp\/v2\/comments?post=3009"}],"version-history":[{"count":0,"href":"https:\/\/ashermantherapy-com.s54.somospecesvoladores.com\/index.php\/wp-json\/wp\/v2\/pages\/3009\/revisions"}],"wp:attachment":[{"href":"https:\/\/ashermantherapy-com.s54.somospecesvoladores.com\/index.php\/wp-json\/wp\/v2\/media?parent=3009"}],"curies":[{"name":"wp","href":"https:\/\/api.w.org\/{rel}","templated":true}]}}