{"id":3,"date":"2025-12-16T07:57:38","date_gmt":"2025-12-16T07:57:38","guid":{"rendered":"https:\/\/ashermantherapy-com.s54.somospecesvoladores.com\/?page_id=3"},"modified":"2026-02-11T13:56:54","modified_gmt":"2026-02-11T13:56:54","slug":"privacy-policy","status":"publish","type":"page","link":"https:\/\/ashermantherapy-com.s54.somospecesvoladores.com\/index.php\/privacy-policy\/","title":{"rendered":"Privacy Policy"},"content":{"rendered":"\t\t<div data-elementor-type=\"wp-page\" data-elementor-id=\"3\" class=\"elementor elementor-3\" data-elementor-settings=\"{&quot;ha_cmc_init_switcher&quot;:&quot;no&quot;}\" data-elementor-post-type=\"page\">\n\t\t\t\t<div class=\"elementor-element elementor-element-af868ea e-flex e-con-boxed e-con e-parent\" data-id=\"af868ea\" data-element_type=\"container\" data-e-type=\"container\" data-settings=\"{&quot;_ha_eqh_enable&quot;:false}\">\n\t\t\t\t\t<div class=\"e-con-inner\">\n\t\t<div class=\"elementor-element elementor-element-bf3eaba e-con-full e-flex e-con e-child\" data-id=\"bf3eaba\" data-element_type=\"container\" data-e-type=\"container\" data-settings=\"{&quot;_ha_eqh_enable&quot;:false}\">\n\t\t<div class=\"elementor-element elementor-element-92a1490 e-flex e-con-boxed e-con e-child\" data-id=\"92a1490\" data-element_type=\"container\" data-e-type=\"container\" data-settings=\"{&quot;_ha_eqh_enable&quot;:false}\">\n\t\t\t\t\t<div class=\"e-con-inner\">\n\t\t\t\t<div class=\"elementor-element elementor-element-6397829 elementor-invisible elementor-widget elementor-widget-heading\" data-id=\"6397829\" data-element_type=\"widget\" data-e-type=\"widget\" data-settings=\"{&quot;_animation&quot;:&quot;fadeIn&quot;}\" data-widget_type=\"heading.default\">\n\t\t\t\t\t<h1 class=\"elementor-heading-title elementor-size-default\">Privacy Policy<\/h1>\t\t\t\t<\/div>\n\t\t\t\t<div class=\"elementor-element elementor-element-7565170 elementor-widget elementor-widget-text-editor\" data-id=\"7565170\" data-element_type=\"widget\" data-e-type=\"widget\" data-widget_type=\"text-editor.default\">\n\t\t\t\t\t\t\t\t\t<p class=\"\" data-start=\"5263\" data-end=\"5467\">ASHERMAN THERAPY S.L., tax ID B40592875, informs users that it processes personal data to manage relationships with users, patients, and prospects interested in regenerative reproductive health therapies.<\/p>\n<p class=\"\" data-start=\"5469\" data-end=\"5497\"><strong data-start=\"5469\" data-end=\"5497\">SUBMITTING PERSONAL DATA<\/strong><\/p>\n<p class=\"\" data-start=\"5499\" data-end=\"5673\">Providing personal data is mandatory to receive information or services. Refusal to do so makes registration impossible. Data is processed securely at our registered address.<\/p>\n<p class=\"\" data-start=\"5675\" data-end=\"5692\"><strong data-start=\"5675\" data-end=\"5692\">DATA ACCURACY<\/strong><\/p>\n<p class=\"\" data-start=\"5694\" data-end=\"5776\">Users are responsible for the accuracy of submitted data and must keep it updated.<\/p>\n<p class=\"\" data-start=\"5778\" data-end=\"5790\"><strong data-start=\"5778\" data-end=\"5790\">PURPOSES<\/strong><\/p>\n<p class=\"\" data-start=\"5792\" data-end=\"5889\">To provide information on regenerative therapies for reproductive health and to maintain contact.<\/p>\n<p class=\"\" data-start=\"5891\" data-end=\"5917\"><strong data-start=\"5891\" data-end=\"5917\">THIRD-PARTY DISCLOSURE<\/strong><\/p>\n<p class=\"\" data-start=\"5919\" data-end=\"5997\">We do not share user data with third parties unless prior consent is obtained.<\/p>\n<p class=\"\" data-start=\"5999\" data-end=\"6009\"><strong data-start=\"5999\" data-end=\"6009\">RIGHTS<\/strong><\/p>\n<p class=\"\" data-start=\"6011\" data-end=\"6158\">Users can exercise their rights to access, correct, delete, object, limit, or transfer their data by writing to our address and providing valid ID or alternatively by email to\u00a0<a class=\"decorated-link cursor-pointer\" rel=\"noopener\" data-start=\"64\" data-end=\"80\">gdpr@ashermantherapy.com<\/a>.<\/p>\n<p class=\"\" data-start=\"6160\" data-end=\"6178\"><strong data-start=\"6160\" data-end=\"6178\">DATA RETENTION<\/strong><\/p>\n<p class=\"\" data-start=\"6180\" data-end=\"6345\">Data will be processed actively until consent is withdrawn or specific rights are exercised. Afterward, data will be securely blocked and retained for up to 3 years.<\/p>\n<p class=\"\" data-start=\"6347\" data-end=\"6362\"><strong data-start=\"6347\" data-end=\"6362\">LEGAL BASIS<\/strong><\/p>\n<p class=\"\" data-start=\"6364\" data-end=\"6404\">Data is processed based on user consent.<\/p>\n<p class=\"\" data-start=\"6406\" data-end=\"6432\"><strong data-start=\"6406\" data-end=\"6432\">ACCEPTANCE AND CONSENT<\/strong><\/p>\n<p class=\"\" data-start=\"6434\" data-end=\"6544\">By using the Website, users accept this Privacy Policy and authorize the processing of their data accordingly.<\/p>\n<p class=\"\" data-start=\"6546\" data-end=\"6567\"><strong data-start=\"6546\" data-end=\"6567\">SECURITY MEASURES<\/strong><\/p>\n<p class=\"\" data-start=\"6569\" data-end=\"6782\">We implement advanced security measures, including encryption, restricted access, password expiry, and secure data centers. ASHERMAN THERAPY is not liable for damages due to technical failures outside our control.<\/p>\n<p data-start=\"6569\" data-end=\"6782\">Last Updated: April 1, 2025<\/p>\t\t\t\t\t\t\t\t<\/div>\n\t\t\t\t\t<\/div>\n\t\t\t\t<\/div>\n\t\t<div class=\"elementor-element elementor-element-77515d1 e-con-full e-flex e-con e-child\" data-id=\"77515d1\" data-element_type=\"container\" data-e-type=\"container\" data-settings=\"{&quot;_ha_eqh_enable&quot;:false}\">\n\t\t\t\t<div class=\"elementor-element elementor-element-bdece0a elementor-invisible elementor-widget elementor-widget-heading\" data-id=\"bdece0a\" data-element_type=\"widget\" data-e-type=\"widget\" data-settings=\"{&quot;_animation&quot;:&quot;fadeIn&quot;}\" data-widget_type=\"heading.default\">\n\t\t\t\t\t<h2 class=\"elementor-heading-title elementor-size-default\">Pol\u00edtica de Privacidad<\/h2>\t\t\t\t<\/div>\n\t\t\t\t<div class=\"elementor-element elementor-element-d8bce02 elementor-widget elementor-widget-text-editor\" data-id=\"d8bce02\" data-element_type=\"widget\" data-e-type=\"widget\" data-widget_type=\"text-editor.default\">\n\t\t\t\t\t\t\t\t\t<p data-start=\"173\" data-end=\"408\">A efecto de lo previsto en el Reglamento General de Protecci\u00f3n de Datos de la Uni\u00f3n Europea 2016\/679 de 27 de abril de 2016 y la Ley Org\u00e1nica 3\/2018, de 5 de diciembre, de Protecci\u00f3n de Datos de Car\u00e1cter Personal ASHERMAN THERAPY SL. con CIF B40592875, en adelante ASHERMAN THERAPY informa al Usuario de la existencia del tratamiento de los datos de car\u00e1cter personal con la finalidad de realizar la gesti\u00f3n de la relaci\u00f3n con los usuarios, pacientes y potenciales para informaci\u00f3n sobre terapias regenerativas innovadoras para mejorar la salud reproductiva de las mujeres y noticias.<\/p><p data-start=\"173\" data-end=\"408\"><strong>Env\u00edo y registro de datos de car\u00e1cter personal<\/strong><\/p><p data-start=\"173\" data-end=\"408\">El env\u00edo de datos de car\u00e1cter personal es obligatorio para contactar y recibir informaci\u00f3n sobre servicios de ASHERMAN THERAPY<\/p><p data-start=\"173\" data-end=\"408\">El no facilitar los datos personales solicitados o el no aceptar la presente pol\u00edtica de protecci\u00f3n de datos supone la imposibilidad de suscribirse, registrarse o recibir informaci\u00f3n de los productos y servicios de ASHERMAN THERAPY.<\/p><p data-start=\"173\" data-end=\"408\">De acuerdo a lo establecido en el Reglamento General de Protecci\u00f3n de Datos de la Uni\u00f3n Europea 2016\/679 de 27 de abril de 2016 relativo a la protecci\u00f3n de las personas f\u00edsicas en lo que respecta al tratamiento de datos personales y a la libre circulaci\u00f3n de estos datos, y la Ley Org\u00e1nica 3\/2018, de 5 de diciembre, de Protecci\u00f3n de Datos de Car\u00e1cter Personal, le informamos que los datos personales que se obtengan como consecuencia de su env\u00edo de datos personales, ser\u00e1n objeto de tratamiento por ASHERMAN THERAPY SL. con domicilio en Ronda Narcis Monturiol Estarriol, 11 C de Paterna 46980 (Valencia), teniendo implementadas las medidas de seguridad necesarias para garantizar la privacidad.<\/p><p data-start=\"173\" data-end=\"408\"><strong>Exactitud y veracidad de los datos facilitados<\/strong><\/p><p data-start=\"173\" data-end=\"408\">El Usuario que env\u00eda la informaci\u00f3n a ASHERMAN THERAPY es el \u00fanico responsable de la veracidad y correcci\u00f3n de los datos incluidos, exoner\u00e1ndose ASHERMAN THERAPY de cualquier responsabilidad al respecto. Los usuarios garantizan y responden, en cualquier caso, de la exactitud, vigencia y autenticidad de los datos personales facilitados, y se comprometen a mantenerlos debidamente actualizados.<\/p><p data-start=\"173\" data-end=\"408\">El usuario acepta proporcionar informaci\u00f3n completa y correcta en el formulario de registro o suscripci\u00f3n.<\/p><p data-start=\"173\" data-end=\"408\">ASHERMAN THERAPY no responde de la veracidad de las informaciones que no sean de elaboraci\u00f3n propia y de las que se indique otra fuente, por lo que tampoco asume responsabilidad alguna en cuanto a hipot\u00e9ticos perjuicios que pudieran originarse por el uso de dicha informaci\u00f3n.<\/p><p data-start=\"173\" data-end=\"408\">Se exonera a ASHERMAN THERAPY de responsabilidad ante cualquier da\u00f1o o perjuicio que pudiera sufrir el Usuario como consecuencia de errores, defectos u omisiones, en la informaci\u00f3n facilitada por ASHERMAN THERAPY siempre que proceda de fuentes ajenas a ASHERMAN THERAPY.<\/p><p data-start=\"173\" data-end=\"408\"><strong>Finalidades<\/strong><\/p><p data-start=\"173\" data-end=\"408\">Las finalidades de la recogida de datos son la prestaci\u00f3n de informaci\u00f3n sobre terapias regenerativas innovadoras para mejorar la salud reproductiva de las mujeres; y posterior puesta en contacto con la persona usuaria de ASHERMAN THERAPY.<\/p><p data-start=\"173\" data-end=\"408\"><strong>Comunicaci\u00f3n de datos a terceros<\/strong><\/p><p data-start=\"173\" data-end=\"408\">ASHERMAN THERAPY no comunicar\u00e1 los datos de los usuarios a terceros. No obstante, en el caso de ser cedidos a alguna empresa se producir\u00eda una informaci\u00f3n previa a la recogida solicitando el consentimiento expreso del afectado.<\/p><p data-start=\"173\" data-end=\"408\"><strong>Ejercicio de derechos<\/strong><\/p><p data-start=\"173\" data-end=\"408\">Acceso, Rectificaci\u00f3n, Supresi\u00f3n y Oposici\u00f3n, Limitaci\u00f3n del Tratamiento, Portabilidad de Datos (art. 15, 16, 17, 18, 19, 20, 21, 22 y 23 RGPD, art. 12, 13, 14, 15, 16, 17, 18, 93, 94 y 95 LOPDGDD)<\/p><p data-start=\"173\" data-end=\"408\">Podr\u00e1 dirigir sus comunicaciones, revocar el consentimiento prestado y ejercitar el derecho de acceso a sus datos personales obteniendo copia de los mismos. El derecho de rectificaci\u00f3n de datos inexactos o incompletos. El derecho de supresi\u00f3n de sus datos personales. El derecho de retirada de sus datos personales de su p\u00e1gina web. El derecho de oposici\u00f3n al tratamiento de sus datos personales. El derecho de limitaci\u00f3n del tratamiento de sus datos personales. Y el derecho a la portabilidad de sus datos personales automatizados por correo: dirigido a ASHERMAN THERAPY SL., Ronda Narcis Monturiol Estarriol, 11 C de Paterna 46980 (Valencia) o bien mediante correo electr\u00f3nico a gdpr@ashermantherapy.com. Para ejercer dichos derechos y en cumplimiento de la Instrucci\u00f3n 1\/1998, de 19 de enero, de la Agencia Espa\u00f1ola de Protecci\u00f3n de Datos, es necesario que usted acredite su personalidad frente a ASHERMAN THERAPY mediante el env\u00edo de fotocopia de Documento Nacional de Identidad o cualquier otro medio v\u00e1lido en Derecho.<\/p><p data-start=\"173\" data-end=\"408\">Los interesados tienen derecho a reclamar ante la autoridad de control<\/p><p data-start=\"173\" data-end=\"408\"><strong>Plazo de conservaci\u00f3n de los datos<\/strong><\/p><p data-start=\"173\" data-end=\"408\">Los datos personales de la persona usuaria ser\u00e1n tratados de forma activa mientras ostente la condici\u00f3n de Usuario de\u00a0<a href=\"http:\/\/www.endorenew.com\">www.endorenew.com<\/a>\u00a0; es decir, mientras no revoque su consentimiento o no ejerza su derecho de cancelaci\u00f3n, supresi\u00f3n u oposici\u00f3n a alguna finalidad en concreto.<\/p><p data-start=\"173\" data-end=\"408\">En caso de revocar su consentimiento o ejercer los derechos de cancelaci\u00f3n o supresi\u00f3n, sus datos ser\u00e1n bloqueados y conservados de forma restringida a disposici\u00f3n de las autoridades competentes durante un plazo de 3 a\u00f1os para atender a las posibles responsabilidades nacidas del tratamiento.<\/p><p data-start=\"173\" data-end=\"408\"><strong>Legitimaci\u00f3n para el tratamiento de los datos<\/strong><\/p><p data-start=\"173\" data-end=\"408\">El registro en <a href=\"http:\/\/www.endorenew.com\">www.endorenew.com<\/a> es libre y voluntario para el Usuario, por lo que la base legitimadora del tratamiento de sus datos personales es su consentimiento.<\/p><p data-start=\"173\" data-end=\"408\"><strong>Aceptaci\u00f3n y consentimiento<\/strong><\/p><p data-start=\"173\" data-end=\"408\">El uso de la web le otorga la condici\u00f3n de usuario del mismo (en adelante, el \u201cUsuario\u201d), e implica la aceptaci\u00f3n plena y sin reservas de todas y cada una de las disposiciones incluidas en las condiciones sobre protecci\u00f3n de datos de car\u00e1cter personal, aceptando y consintiendo el tratamiento de los mismos por parte de <a href=\"http:\/\/www.endorenew.com\">www.endorenew.com<\/a> , en la forma y para las finalidades indicadas en la presente Pol\u00edtica de Protecci\u00f3n de Datos Personales, en la versi\u00f3n publicada por la \u201cweb\u201d, en el momento mismo en que el Usuario acceda a la misma. Como consecuencia, es deber del Usuario leer detenidamente el presente aviso legal cada vez que utilice la Web, debido a que esta puede sufrir modificaciones.<\/p><p data-start=\"173\" data-end=\"408\">En relaci\u00f3n con la oferta de servicios de la sociedad de la informaci\u00f3n directamente a un menor, el tratamiento de los datos personales ser\u00e1 l\u00edcito cuando sea mayor de 14 a\u00f1os en virtud de la ley 3\/2018 de 5 de diciembre de 2018. Cuando el ni\u00f1o sea menor, dicho tratamiento solo ser\u00e1 legal si el titular de la responsabilidad parental sobre el ni\u00f1o autoriza su consentimiento, y en la medida en que lo autorice.<\/p><p data-start=\"173\" data-end=\"408\"><strong>Medidas de seguridad inform\u00e1tica<\/strong><\/p><p data-start=\"173\" data-end=\"408\">ASHERMAN THERAPY ha adoptado los niveles de seguridad de protecci\u00f3n de los Datos Personales requeridos para garantizar la privacidad de los datos. No obstante, disponemos de otros medios adicionales, como son firewalls de \u00faltima generaci\u00f3n, aparte de medidas t\u00e9cnicas como software para la encriptaci\u00f3n de la informaci\u00f3n confidencial y control de acceso a la informaci\u00f3n de car\u00e1cter personal, usuarios restringidos, pol\u00edticas de seguridad, usuarios y contrase\u00f1as que caducan seg\u00fan exige la LOPD, y otros sistemas orientados a evitar el mal uso, alteraci\u00f3n, acceso no autorizado y robo de los Datos Personales facilitados ASHERMAN THERAPY.<\/p><p data-start=\"173\" data-end=\"408\">ASHERMAN THERAPY no ser\u00e1 responsable de posibles da\u00f1os o perjuicios que se pudieran derivar de interferencias, omisiones, interrupciones, virus inform\u00e1ticos, aver\u00edas telef\u00f3nicas o desconexiones en el funcionamiento operativo de este sistema electr\u00f3nico, motivadas por causas ajenas a ASHERMAN THERAPY; de retrasos o bloqueos en el uso del presente sistema electr\u00f3nico causados por deficiencias o sobrecargas de l\u00edneas telef\u00f3nicas o sobrecargas en el C.P.D. (Centro de Procesos de Datos), en el sistema de Internet o en otros sistemas electr\u00f3nicos, as\u00ed como de da\u00f1os que puedan ser causados por terceras personas mediante intromisiones ileg\u00edtimas fuera del control de ASHERMAN THERAPY.<\/p><p data-start=\"173\" data-end=\"408\">\u00daltima versi\u00f3n: 01 abril 2025<\/p>\t\t\t\t\t\t\t\t<\/div>\n\t\t\t\t<\/div>\n\t\t\t\t<\/div>\n\t\t\t\t\t<\/div>\n\t\t\t\t<\/div>\n\t\t\t\t<\/div>\n\t\t","protected":false},"excerpt":{"rendered":"<p>Privacy Policy ASHERMAN THERAPY S.L., tax ID B40592875, informs users that it processes personal data to manage relationships with users, patients, and prospects interested in regenerative reproductive health therapies. SUBMITTING PERSONAL DATA Providing personal data is mandatory to receive information or services. Refusal to do so makes registration impossible. Data is processed securely at our [&hellip;]<\/p>\n","protected":false},"author":1,"featured_media":0,"parent":0,"menu_order":0,"comment_status":"closed","ping_status":"open","template":"","meta":{"_joinchat":[],"footnotes":""},"class_list":["post-3","page","type-page","status-publish","hentry"],"yoast_head":"<!-- This site is optimized with the Yoast SEO plugin v26.9 - https:\/\/yoast.com\/product\/yoast-seo-wordpress\/ -->\n<title>Privacy Policy - ENDORENEW<\/title>\n<meta name=\"robots\" content=\"noindex, nofollow\" \/>\n<meta property=\"og:locale\" content=\"es_ES\" \/>\n<meta property=\"og:type\" content=\"article\" \/>\n<meta property=\"og:title\" content=\"Privacy Policy - ENDORENEW\" \/>\n<meta property=\"og:description\" content=\"Privacy Policy ASHERMAN THERAPY S.L., tax ID B40592875, informs users that it processes personal data to manage relationships with users, patients, and prospects interested in regenerative reproductive health therapies. SUBMITTING PERSONAL DATA Providing personal data is mandatory to receive information or services. Refusal to do so makes registration impossible. Data is processed securely at our [&hellip;]\" \/>\n<meta property=\"og:url\" content=\"https:\/\/ashermantherapy-com.s54.somospecesvoladores.com\/index.php\/privacy-policy\/\" \/>\n<meta property=\"og:site_name\" content=\"ENDORENEW\" \/>\n<meta property=\"article:modified_time\" content=\"2026-02-11T13:56:54+00:00\" \/>\n<meta name=\"twitter:card\" content=\"summary_large_image\" \/>\n<meta name=\"twitter:label1\" content=\"Tiempo de lectura\" \/>\n\t<meta name=\"twitter:data1\" content=\"7 minutos\" \/>\n<script type=\"application\/ld+json\" class=\"yoast-schema-graph\">{\"@context\":\"https:\/\/schema.org\",\"@graph\":[{\"@type\":\"WebPage\",\"@id\":\"https:\/\/ashermantherapy-com.s54.somospecesvoladores.com\/index.php\/privacy-policy\/\",\"url\":\"https:\/\/ashermantherapy-com.s54.somospecesvoladores.com\/index.php\/privacy-policy\/\",\"name\":\"Privacy Policy - ENDORENEW\",\"isPartOf\":{\"@id\":\"https:\/\/ashermantherapy-com.s54.somospecesvoladores.com\/#website\"},\"datePublished\":\"2025-12-16T07:57:38+00:00\",\"dateModified\":\"2026-02-11T13:56:54+00:00\",\"breadcrumb\":{\"@id\":\"https:\/\/ashermantherapy-com.s54.somospecesvoladores.com\/index.php\/privacy-policy\/#breadcrumb\"},\"inLanguage\":\"es\",\"potentialAction\":[{\"@type\":\"ReadAction\",\"target\":[\"https:\/\/ashermantherapy-com.s54.somospecesvoladores.com\/index.php\/privacy-policy\/\"]}]},{\"@type\":\"BreadcrumbList\",\"@id\":\"https:\/\/ashermantherapy-com.s54.somospecesvoladores.com\/index.php\/privacy-policy\/#breadcrumb\",\"itemListElement\":[{\"@type\":\"ListItem\",\"position\":1,\"name\":\"Portada\",\"item\":\"https:\/\/ashermantherapy-com.s54.somospecesvoladores.com\/\"},{\"@type\":\"ListItem\",\"position\":2,\"name\":\"Privacy Policy\"}]},{\"@type\":\"WebSite\",\"@id\":\"https:\/\/ashermantherapy-com.s54.somospecesvoladores.com\/#website\",\"url\":\"https:\/\/ashermantherapy-com.s54.somospecesvoladores.com\/\",\"name\":\"ENDORENEW\",\"description\":\"\",\"publisher\":{\"@id\":\"https:\/\/ashermantherapy-com.s54.somospecesvoladores.com\/#organization\"},\"potentialAction\":[{\"@type\":\"SearchAction\",\"target\":{\"@type\":\"EntryPoint\",\"urlTemplate\":\"https:\/\/ashermantherapy-com.s54.somospecesvoladores.com\/?s={search_term_string}\"},\"query-input\":{\"@type\":\"PropertyValueSpecification\",\"valueRequired\":true,\"valueName\":\"search_term_string\"}}],\"inLanguage\":\"es\"},{\"@type\":\"Organization\",\"@id\":\"https:\/\/ashermantherapy-com.s54.somospecesvoladores.com\/#organization\",\"name\":\"ENDORENEW\",\"url\":\"https:\/\/ashermantherapy-com.s54.somospecesvoladores.com\/\",\"logo\":{\"@type\":\"ImageObject\",\"inLanguage\":\"es\",\"@id\":\"https:\/\/ashermantherapy-com.s54.somospecesvoladores.com\/#\/schema\/logo\/image\/\",\"url\":\"https:\/\/ashermantherapy-com.s54.somospecesvoladores.com\/wp-content\/uploads\/2025\/12\/Logo-endorenew.png\",\"contentUrl\":\"https:\/\/ashermantherapy-com.s54.somospecesvoladores.com\/wp-content\/uploads\/2025\/12\/Logo-endorenew.png\",\"width\":1710,\"height\":528,\"caption\":\"ENDORENEW\"},\"image\":{\"@id\":\"https:\/\/ashermantherapy-com.s54.somospecesvoladores.com\/#\/schema\/logo\/image\/\"}}]}<\/script>\n<!-- \/ Yoast SEO plugin. -->","yoast_head_json":{"title":"Privacy Policy - ENDORENEW","robots":{"index":"noindex","follow":"nofollow"},"og_locale":"es_ES","og_type":"article","og_title":"Privacy Policy - ENDORENEW","og_description":"Privacy Policy ASHERMAN THERAPY S.L., tax ID B40592875, informs users that it processes personal data to manage relationships with users, patients, and prospects interested in regenerative reproductive health therapies. SUBMITTING PERSONAL DATA Providing personal data is mandatory to receive information or services. Refusal to do so makes registration impossible. Data is processed securely at our [&hellip;]","og_url":"https:\/\/ashermantherapy-com.s54.somospecesvoladores.com\/index.php\/privacy-policy\/","og_site_name":"ENDORENEW","article_modified_time":"2026-02-11T13:56:54+00:00","twitter_card":"summary_large_image","twitter_misc":{"Tiempo de lectura":"7 minutos"},"schema":{"@context":"https:\/\/schema.org","@graph":[{"@type":"WebPage","@id":"https:\/\/ashermantherapy-com.s54.somospecesvoladores.com\/index.php\/privacy-policy\/","url":"https:\/\/ashermantherapy-com.s54.somospecesvoladores.com\/index.php\/privacy-policy\/","name":"Privacy Policy - ENDORENEW","isPartOf":{"@id":"https:\/\/ashermantherapy-com.s54.somospecesvoladores.com\/#website"},"datePublished":"2025-12-16T07:57:38+00:00","dateModified":"2026-02-11T13:56:54+00:00","breadcrumb":{"@id":"https:\/\/ashermantherapy-com.s54.somospecesvoladores.com\/index.php\/privacy-policy\/#breadcrumb"},"inLanguage":"es","potentialAction":[{"@type":"ReadAction","target":["https:\/\/ashermantherapy-com.s54.somospecesvoladores.com\/index.php\/privacy-policy\/"]}]},{"@type":"BreadcrumbList","@id":"https:\/\/ashermantherapy-com.s54.somospecesvoladores.com\/index.php\/privacy-policy\/#breadcrumb","itemListElement":[{"@type":"ListItem","position":1,"name":"Portada","item":"https:\/\/ashermantherapy-com.s54.somospecesvoladores.com\/"},{"@type":"ListItem","position":2,"name":"Privacy Policy"}]},{"@type":"WebSite","@id":"https:\/\/ashermantherapy-com.s54.somospecesvoladores.com\/#website","url":"https:\/\/ashermantherapy-com.s54.somospecesvoladores.com\/","name":"ENDORENEW","description":"","publisher":{"@id":"https:\/\/ashermantherapy-com.s54.somospecesvoladores.com\/#organization"},"potentialAction":[{"@type":"SearchAction","target":{"@type":"EntryPoint","urlTemplate":"https:\/\/ashermantherapy-com.s54.somospecesvoladores.com\/?s={search_term_string}"},"query-input":{"@type":"PropertyValueSpecification","valueRequired":true,"valueName":"search_term_string"}}],"inLanguage":"es"},{"@type":"Organization","@id":"https:\/\/ashermantherapy-com.s54.somospecesvoladores.com\/#organization","name":"ENDORENEW","url":"https:\/\/ashermantherapy-com.s54.somospecesvoladores.com\/","logo":{"@type":"ImageObject","inLanguage":"es","@id":"https:\/\/ashermantherapy-com.s54.somospecesvoladores.com\/#\/schema\/logo\/image\/","url":"https:\/\/ashermantherapy-com.s54.somospecesvoladores.com\/wp-content\/uploads\/2025\/12\/Logo-endorenew.png","contentUrl":"https:\/\/ashermantherapy-com.s54.somospecesvoladores.com\/wp-content\/uploads\/2025\/12\/Logo-endorenew.png","width":1710,"height":528,"caption":"ENDORENEW"},"image":{"@id":"https:\/\/ashermantherapy-com.s54.somospecesvoladores.com\/#\/schema\/logo\/image\/"}}]}},"_links":{"self":[{"href":"https:\/\/ashermantherapy-com.s54.somospecesvoladores.com\/index.php\/wp-json\/wp\/v2\/pages\/3","targetHints":{"allow":["GET"]}}],"collection":[{"href":"https:\/\/ashermantherapy-com.s54.somospecesvoladores.com\/index.php\/wp-json\/wp\/v2\/pages"}],"about":[{"href":"https:\/\/ashermantherapy-com.s54.somospecesvoladores.com\/index.php\/wp-json\/wp\/v2\/types\/page"}],"author":[{"embeddable":true,"href":"https:\/\/ashermantherapy-com.s54.somospecesvoladores.com\/index.php\/wp-json\/wp\/v2\/users\/1"}],"replies":[{"embeddable":true,"href":"https:\/\/ashermantherapy-com.s54.somospecesvoladores.com\/index.php\/wp-json\/wp\/v2\/comments?post=3"}],"version-history":[{"count":0,"href":"https:\/\/ashermantherapy-com.s54.somospecesvoladores.com\/index.php\/wp-json\/wp\/v2\/pages\/3\/revisions"}],"wp:attachment":[{"href":"https:\/\/ashermantherapy-com.s54.somospecesvoladores.com\/index.php\/wp-json\/wp\/v2\/media?parent=3"}],"curies":[{"name":"wp","href":"https:\/\/api.w.org\/{rel}","templated":true}]}}