{"id":2864,"date":"2026-02-03T12:04:31","date_gmt":"2026-02-03T12:04:31","guid":{"rendered":"https:\/\/ashermantherapy-com.s54.somospecesvoladores.com\/?page_id=2864"},"modified":"2026-02-11T13:51:58","modified_gmt":"2026-02-11T13:51:58","slug":"competitively-funded-projects","status":"publish","type":"page","link":"https:\/\/ashermantherapy-com.s54.somospecesvoladores.com\/index.php\/competitively-funded-projects\/","title":{"rendered":"Competitively Funded Projects"},"content":{"rendered":"\t\t<div data-elementor-type=\"wp-page\" data-elementor-id=\"2864\" class=\"elementor elementor-2864\" data-elementor-settings=\"{&quot;ha_cmc_init_switcher&quot;:&quot;no&quot;}\" data-elementor-post-type=\"page\">\n\t\t\t\t<div class=\"elementor-element elementor-element-6892779 e-flex e-con-boxed e-con e-parent\" data-id=\"6892779\" data-element_type=\"container\" data-e-type=\"container\" data-settings=\"{&quot;background_background&quot;:&quot;classic&quot;,&quot;_ha_eqh_enable&quot;:false}\">\n\t\t\t\t\t<div class=\"e-con-inner\">\n\t\t<div class=\"elementor-element elementor-element-faa7a2a e-con-full e-flex e-con e-child\" data-id=\"faa7a2a\" data-element_type=\"container\" data-e-type=\"container\" data-settings=\"{&quot;_ha_eqh_enable&quot;:false}\">\n\t\t\t\t<div class=\"elementor-element elementor-element-5367bd8 elementor-invisible elementor-widget elementor-widget-heading\" data-id=\"5367bd8\" data-element_type=\"widget\" data-e-type=\"widget\" data-settings=\"{&quot;_animation&quot;:&quot;fadeIn&quot;}\" data-widget_type=\"heading.default\">\n\t\t\t\t\t<h1 class=\"elementor-heading-title elementor-size-default\">\nCompetitively Funded Projects<\/h1>\t\t\t\t<\/div>\n\t\t\t\t<\/div>\n\t\t\t\t\t<\/div>\n\t\t\t\t<\/div>\n\t\t<div class=\"elementor-element elementor-element-6f905a9a e-flex e-con-boxed e-con e-parent\" data-id=\"6f905a9a\" data-element_type=\"container\" data-e-type=\"container\" data-settings=\"{&quot;_ha_eqh_enable&quot;:false}\">\n\t\t\t\t\t<div class=\"e-con-inner\">\n\t\t<div class=\"elementor-element elementor-element-7d33ec7 e-con-full e-flex e-con e-child\" data-id=\"7d33ec7\" data-element_type=\"container\" data-e-type=\"container\" data-settings=\"{&quot;_ha_eqh_enable&quot;:false}\">\n\t\t<div class=\"elementor-element elementor-element-19b5b97 e-con-full e-flex e-con e-child\" data-id=\"19b5b97\" data-element_type=\"container\" data-e-type=\"container\" data-settings=\"{&quot;_ha_eqh_enable&quot;:false}\">\n\t\t<div class=\"elementor-element elementor-element-ef420a3 e-con-full e-flex e-con e-child\" data-id=\"ef420a3\" data-element_type=\"container\" data-e-type=\"container\" data-settings=\"{&quot;_ha_eqh_enable&quot;:false}\">\n\t\t\t\t<div class=\"elementor-element elementor-element-98ebe0b elementor-widget elementor-widget-heading\" data-id=\"98ebe0b\" data-element_type=\"widget\" data-e-type=\"widget\" data-widget_type=\"heading.default\">\n\t\t\t\t\t<h2 class=\"elementor-heading-title elementor-size-default\">PAULA Project<\/h2>\t\t\t\t<\/div>\n\t\t\t\t<div class=\"elementor-element elementor-element-20498b4 elementor-widget elementor-widget-text-editor\" data-id=\"20498b4\" data-element_type=\"widget\" data-e-type=\"widget\" data-widget_type=\"text-editor.default\">\n\t\t\t\t\t\t\t\t\t<p data-start=\"215\" data-end=\"448\">Endorenew is advancing the PAULA Project, focused on the development, validation, and pre-scaling of an advanced cell therapy for the treatment of female infertility associated with Asherman syndrome and thin endometrium.<\/p><p data-start=\"450\" data-end=\"720\">PAULA therapy (Patient AUtologous endometriaL Advanced) is based on the use of autologous bone marrow\u2013derived stem cells. Its goal is to regenerate functional endometrium and restore embryo implantation capacity in women who currently lack effective therapeutic options.<\/p><p><span style=\"color: #999999;\"><em>Endorenew impulsa el proyecto PAULA, orientado al desarrollo, validaci\u00f3n y pre-escalado de una terapia celular avanzada para el tratamiento de la infertilidad femenina asociada al S\u00edndrome de Asherman y al endometrio fino.<\/em><\/span><\/p><p><span style=\"color: #999999;\"><em>La terapia PAULA (Patient AUtogoulous endometriaL Advanced), se basa en el uso de c\u00e9lulas madre aut\u00f3logas derivadas de m\u00e9dula \u00f3sea, con el objetivo de regenerar el endometrio funcional y restaurar su capacidad de implantaci\u00f3n embrionaria en mujeres que actualmente carecen de alternativas terap\u00e9uticas eficaces.<\/em><\/span><\/p>\t\t\t\t\t\t\t\t<\/div>\n\t\t\t\t<\/div>\n\t\t\t\t<\/div>\n\t\t<div class=\"elementor-element elementor-element-085c196 e-con-full e-flex e-con e-child\" data-id=\"085c196\" data-element_type=\"container\" data-e-type=\"container\" data-settings=\"{&quot;_ha_eqh_enable&quot;:false}\">\n\t\t<div class=\"elementor-element elementor-element-22956ff e-con-full e-flex e-con e-child\" data-id=\"22956ff\" data-element_type=\"container\" data-e-type=\"container\" data-settings=\"{&quot;_ha_eqh_enable&quot;:false}\">\n\t\t\t\t<div class=\"elementor-element elementor-element-ad88330 elementor-widget elementor-widget-heading\" data-id=\"ad88330\" data-element_type=\"widget\" data-e-type=\"widget\" data-widget_type=\"heading.default\">\n\t\t\t\t\t<h2 class=\"elementor-heading-title elementor-size-default\">Funding<\/h2>\t\t\t\t<\/div>\n\t\t\t\t<div class=\"elementor-element elementor-element-3e200be elementor-widget elementor-widget-text-editor\" data-id=\"3e200be\" data-element_type=\"widget\" data-e-type=\"widget\" data-widget_type=\"text-editor.default\">\n\t\t\t\t\t\t\t\t\t<p data-start=\"215\" data-end=\"448\">This project is funded by the European Union through the European Regional Development Fund (ERDF), Comunitat Valenciana 2021\u20132027 Program, and by Ivace+i Innovation. The funding aims to strengthen the regional innovation system and support the development of advanced health technologies.<\/p><p><span style=\"color: #999999;\"><em>Proyecto financiado por la Uni\u00f3n Europea, a trav\u00e9s del Programa Fondo Europeo de Desarrollo Regional (FEDER) Comunitat Valenciana 2021\u20132027, y por Ivace+i Innovaci\u00f3n, con el objetivo de fortalecer el sistema valenciano de innovaci\u00f3n y promover el desarrollo de tecnolog\u00edas avanzadas en el \u00e1mbito de la salud.<\/em><\/span><\/p>\t\t\t\t\t\t\t\t<\/div>\n\t\t\t\t<\/div>\n\t\t\t\t<\/div>\n\t\t\t\t<\/div>\n\t\t<div class=\"elementor-element elementor-element-165f278 e-con-full e-flex e-con e-child\" data-id=\"165f278\" data-element_type=\"container\" data-e-type=\"container\" data-settings=\"{&quot;_ha_eqh_enable&quot;:false}\">\n\t\t\t\t<div class=\"elementor-element elementor-element-870acdd elementor-widget__width-initial elementor-widget elementor-widget-image\" data-id=\"870acdd\" data-element_type=\"widget\" data-e-type=\"widget\" data-widget_type=\"image.default\">\n\t\t\t\t\t\t\t\t\t\t\t\t\t\t\t<img decoding=\"async\" width=\"768\" height=\"49\" src=\"https:\/\/ashermantherapy-com.s54.somospecesvoladores.com\/wp-content\/uploads\/2026\/02\/Logo-FEDER-2025-ES-768x49-1.jpg\" class=\"attachment-full size-full wp-image-2867\" alt=\"Logo FEDER\" srcset=\"https:\/\/ashermantherapy-com.s54.somospecesvoladores.com\/wp-content\/uploads\/2026\/02\/Logo-FEDER-2025-ES-768x49-1.jpg 768w, https:\/\/ashermantherapy-com.s54.somospecesvoladores.com\/wp-content\/uploads\/2026\/02\/Logo-FEDER-2025-ES-768x49-1-300x19.jpg 300w\" sizes=\"(max-width: 768px) 100vw, 768px\" \/>\t\t\t\t\t\t\t\t\t\t\t\t\t\t\t<\/div>\n\t\t\t\t<\/div>\n\t\t\t\t\t<\/div>\n\t\t\t\t<\/div>\n\t\t\t\t<\/div>\n\t\t","protected":false},"excerpt":{"rendered":"<p>Competitively Funded Projects PAULA Project Endorenew is advancing the PAULA Project, focused on the development, validation, and pre-scaling of an advanced cell therapy for the treatment of female infertility associated with Asherman syndrome and thin endometrium. PAULA therapy (Patient AUtologous endometriaL Advanced) is based on the use of autologous bone marrow\u2013derived stem cells. Its goal [&hellip;]<\/p>\n","protected":false},"author":1,"featured_media":2556,"parent":0,"menu_order":0,"comment_status":"closed","ping_status":"closed","template":"elementor_header_footer","meta":{"_joinchat":[],"footnotes":""},"class_list":["post-2864","page","type-page","status-publish","has-post-thumbnail","hentry"],"yoast_head":"<!-- This site is optimized with the Yoast SEO plugin v26.9 - https:\/\/yoast.com\/product\/yoast-seo-wordpress\/ -->\n<title>Competitively Funded Projects - ENDORENEW<\/title>\n<meta name=\"description\" content=\"Endorenew is advancing the PAULA Project, focused on the development, validation, and pre-scaling of an advanced cell therapy.\" \/>\n<meta name=\"robots\" content=\"index, follow, max-snippet:-1, max-image-preview:large, max-video-preview:-1\" \/>\n<link rel=\"canonical\" href=\"https:\/\/ashermantherapy-com.s54.somospecesvoladores.com\/index.php\/competitively-funded-projects\/\" \/>\n<meta property=\"og:locale\" content=\"es_ES\" \/>\n<meta property=\"og:type\" content=\"article\" \/>\n<meta property=\"og:title\" content=\"Competitively Funded Projects - ENDORENEW\" \/>\n<meta property=\"og:description\" content=\"Endorenew is advancing the PAULA Project, focused on the development, validation, and pre-scaling of an advanced cell therapy.\" \/>\n<meta property=\"og:url\" content=\"https:\/\/ashermantherapy-com.s54.somospecesvoladores.com\/index.php\/competitively-funded-projects\/\" \/>\n<meta property=\"og:site_name\" content=\"ENDORENEW\" \/>\n<meta property=\"article:modified_time\" content=\"2026-02-11T13:51:58+00:00\" \/>\n<meta property=\"og:image\" content=\"https:\/\/ashermantherapy-com.s54.somospecesvoladores.com\/wp-content\/uploads\/2025\/04\/Portadas-blog-Asherman.png\" \/>\n\t<meta property=\"og:image:width\" content=\"1140\" \/>\n\t<meta property=\"og:image:height\" content=\"300\" \/>\n\t<meta property=\"og:image:type\" content=\"image\/png\" \/>\n<meta name=\"twitter:card\" content=\"summary_large_image\" \/>\n<meta name=\"twitter:label1\" content=\"Tiempo de lectura\" \/>\n\t<meta name=\"twitter:data1\" content=\"2 minutos\" \/>\n<script type=\"application\/ld+json\" class=\"yoast-schema-graph\">{\"@context\":\"https:\/\/schema.org\",\"@graph\":[{\"@type\":\"WebPage\",\"@id\":\"https:\/\/ashermantherapy-com.s54.somospecesvoladores.com\/index.php\/competitively-funded-projects\/\",\"url\":\"https:\/\/ashermantherapy-com.s54.somospecesvoladores.com\/index.php\/competitively-funded-projects\/\",\"name\":\"Competitively Funded Projects - ENDORENEW\",\"isPartOf\":{\"@id\":\"https:\/\/ashermantherapy-com.s54.somospecesvoladores.com\/#website\"},\"primaryImageOfPage\":{\"@id\":\"https:\/\/ashermantherapy-com.s54.somospecesvoladores.com\/index.php\/competitively-funded-projects\/#primaryimage\"},\"image\":{\"@id\":\"https:\/\/ashermantherapy-com.s54.somospecesvoladores.com\/index.php\/competitively-funded-projects\/#primaryimage\"},\"thumbnailUrl\":\"https:\/\/ashermantherapy-com.s54.somospecesvoladores.com\/wp-content\/uploads\/2025\/04\/Portadas-blog-Asherman.png\",\"datePublished\":\"2026-02-03T12:04:31+00:00\",\"dateModified\":\"2026-02-11T13:51:58+00:00\",\"description\":\"Endorenew is advancing the PAULA Project, focused on the development, validation, and pre-scaling of an advanced cell therapy.\",\"breadcrumb\":{\"@id\":\"https:\/\/ashermantherapy-com.s54.somospecesvoladores.com\/index.php\/competitively-funded-projects\/#breadcrumb\"},\"inLanguage\":\"es\",\"potentialAction\":[{\"@type\":\"ReadAction\",\"target\":[\"https:\/\/ashermantherapy-com.s54.somospecesvoladores.com\/index.php\/competitively-funded-projects\/\"]}]},{\"@type\":\"ImageObject\",\"inLanguage\":\"es\",\"@id\":\"https:\/\/ashermantherapy-com.s54.somospecesvoladores.com\/index.php\/competitively-funded-projects\/#primaryimage\",\"url\":\"https:\/\/ashermantherapy-com.s54.somospecesvoladores.com\/wp-content\/uploads\/2025\/04\/Portadas-blog-Asherman.png\",\"contentUrl\":\"https:\/\/ashermantherapy-com.s54.somospecesvoladores.com\/wp-content\/uploads\/2025\/04\/Portadas-blog-Asherman.png\",\"width\":1140,\"height\":300,\"caption\":\"Endorenew's blog\"},{\"@type\":\"BreadcrumbList\",\"@id\":\"https:\/\/ashermantherapy-com.s54.somospecesvoladores.com\/index.php\/competitively-funded-projects\/#breadcrumb\",\"itemListElement\":[{\"@type\":\"ListItem\",\"position\":1,\"name\":\"Portada\",\"item\":\"https:\/\/ashermantherapy-com.s54.somospecesvoladores.com\/\"},{\"@type\":\"ListItem\",\"position\":2,\"name\":\"Competitively Funded Projects\"}]},{\"@type\":\"WebSite\",\"@id\":\"https:\/\/ashermantherapy-com.s54.somospecesvoladores.com\/#website\",\"url\":\"https:\/\/ashermantherapy-com.s54.somospecesvoladores.com\/\",\"name\":\"ENDORENEW\",\"description\":\"\",\"publisher\":{\"@id\":\"https:\/\/ashermantherapy-com.s54.somospecesvoladores.com\/#organization\"},\"potentialAction\":[{\"@type\":\"SearchAction\",\"target\":{\"@type\":\"EntryPoint\",\"urlTemplate\":\"https:\/\/ashermantherapy-com.s54.somospecesvoladores.com\/?s={search_term_string}\"},\"query-input\":{\"@type\":\"PropertyValueSpecification\",\"valueRequired\":true,\"valueName\":\"search_term_string\"}}],\"inLanguage\":\"es\"},{\"@type\":\"Organization\",\"@id\":\"https:\/\/ashermantherapy-com.s54.somospecesvoladores.com\/#organization\",\"name\":\"ENDORENEW\",\"url\":\"https:\/\/ashermantherapy-com.s54.somospecesvoladores.com\/\",\"logo\":{\"@type\":\"ImageObject\",\"inLanguage\":\"es\",\"@id\":\"https:\/\/ashermantherapy-com.s54.somospecesvoladores.com\/#\/schema\/logo\/image\/\",\"url\":\"https:\/\/ashermantherapy-com.s54.somospecesvoladores.com\/wp-content\/uploads\/2025\/12\/Logo-endorenew.png\",\"contentUrl\":\"https:\/\/ashermantherapy-com.s54.somospecesvoladores.com\/wp-content\/uploads\/2025\/12\/Logo-endorenew.png\",\"width\":1710,\"height\":528,\"caption\":\"ENDORENEW\"},\"image\":{\"@id\":\"https:\/\/ashermantherapy-com.s54.somospecesvoladores.com\/#\/schema\/logo\/image\/\"}}]}<\/script>\n<!-- \/ Yoast SEO plugin. -->","yoast_head_json":{"title":"Competitively Funded Projects - ENDORENEW","description":"Endorenew is advancing the PAULA Project, focused on the development, validation, and pre-scaling of an advanced cell therapy.","robots":{"index":"index","follow":"follow","max-snippet":"max-snippet:-1","max-image-preview":"max-image-preview:large","max-video-preview":"max-video-preview:-1"},"canonical":"https:\/\/ashermantherapy-com.s54.somospecesvoladores.com\/index.php\/competitively-funded-projects\/","og_locale":"es_ES","og_type":"article","og_title":"Competitively Funded Projects - ENDORENEW","og_description":"Endorenew is advancing the PAULA Project, focused on the development, validation, and pre-scaling of an advanced cell therapy.","og_url":"https:\/\/ashermantherapy-com.s54.somospecesvoladores.com\/index.php\/competitively-funded-projects\/","og_site_name":"ENDORENEW","article_modified_time":"2026-02-11T13:51:58+00:00","og_image":[{"width":1140,"height":300,"url":"https:\/\/ashermantherapy-com.s54.somospecesvoladores.com\/wp-content\/uploads\/2025\/04\/Portadas-blog-Asherman.png","type":"image\/png"}],"twitter_card":"summary_large_image","twitter_misc":{"Tiempo de lectura":"2 minutos"},"schema":{"@context":"https:\/\/schema.org","@graph":[{"@type":"WebPage","@id":"https:\/\/ashermantherapy-com.s54.somospecesvoladores.com\/index.php\/competitively-funded-projects\/","url":"https:\/\/ashermantherapy-com.s54.somospecesvoladores.com\/index.php\/competitively-funded-projects\/","name":"Competitively Funded Projects - ENDORENEW","isPartOf":{"@id":"https:\/\/ashermantherapy-com.s54.somospecesvoladores.com\/#website"},"primaryImageOfPage":{"@id":"https:\/\/ashermantherapy-com.s54.somospecesvoladores.com\/index.php\/competitively-funded-projects\/#primaryimage"},"image":{"@id":"https:\/\/ashermantherapy-com.s54.somospecesvoladores.com\/index.php\/competitively-funded-projects\/#primaryimage"},"thumbnailUrl":"https:\/\/ashermantherapy-com.s54.somospecesvoladores.com\/wp-content\/uploads\/2025\/04\/Portadas-blog-Asherman.png","datePublished":"2026-02-03T12:04:31+00:00","dateModified":"2026-02-11T13:51:58+00:00","description":"Endorenew is advancing the PAULA Project, focused on the development, validation, and pre-scaling of an advanced cell therapy.","breadcrumb":{"@id":"https:\/\/ashermantherapy-com.s54.somospecesvoladores.com\/index.php\/competitively-funded-projects\/#breadcrumb"},"inLanguage":"es","potentialAction":[{"@type":"ReadAction","target":["https:\/\/ashermantherapy-com.s54.somospecesvoladores.com\/index.php\/competitively-funded-projects\/"]}]},{"@type":"ImageObject","inLanguage":"es","@id":"https:\/\/ashermantherapy-com.s54.somospecesvoladores.com\/index.php\/competitively-funded-projects\/#primaryimage","url":"https:\/\/ashermantherapy-com.s54.somospecesvoladores.com\/wp-content\/uploads\/2025\/04\/Portadas-blog-Asherman.png","contentUrl":"https:\/\/ashermantherapy-com.s54.somospecesvoladores.com\/wp-content\/uploads\/2025\/04\/Portadas-blog-Asherman.png","width":1140,"height":300,"caption":"Endorenew's blog"},{"@type":"BreadcrumbList","@id":"https:\/\/ashermantherapy-com.s54.somospecesvoladores.com\/index.php\/competitively-funded-projects\/#breadcrumb","itemListElement":[{"@type":"ListItem","position":1,"name":"Portada","item":"https:\/\/ashermantherapy-com.s54.somospecesvoladores.com\/"},{"@type":"ListItem","position":2,"name":"Competitively Funded Projects"}]},{"@type":"WebSite","@id":"https:\/\/ashermantherapy-com.s54.somospecesvoladores.com\/#website","url":"https:\/\/ashermantherapy-com.s54.somospecesvoladores.com\/","name":"ENDORENEW","description":"","publisher":{"@id":"https:\/\/ashermantherapy-com.s54.somospecesvoladores.com\/#organization"},"potentialAction":[{"@type":"SearchAction","target":{"@type":"EntryPoint","urlTemplate":"https:\/\/ashermantherapy-com.s54.somospecesvoladores.com\/?s={search_term_string}"},"query-input":{"@type":"PropertyValueSpecification","valueRequired":true,"valueName":"search_term_string"}}],"inLanguage":"es"},{"@type":"Organization","@id":"https:\/\/ashermantherapy-com.s54.somospecesvoladores.com\/#organization","name":"ENDORENEW","url":"https:\/\/ashermantherapy-com.s54.somospecesvoladores.com\/","logo":{"@type":"ImageObject","inLanguage":"es","@id":"https:\/\/ashermantherapy-com.s54.somospecesvoladores.com\/#\/schema\/logo\/image\/","url":"https:\/\/ashermantherapy-com.s54.somospecesvoladores.com\/wp-content\/uploads\/2025\/12\/Logo-endorenew.png","contentUrl":"https:\/\/ashermantherapy-com.s54.somospecesvoladores.com\/wp-content\/uploads\/2025\/12\/Logo-endorenew.png","width":1710,"height":528,"caption":"ENDORENEW"},"image":{"@id":"https:\/\/ashermantherapy-com.s54.somospecesvoladores.com\/#\/schema\/logo\/image\/"}}]}},"_links":{"self":[{"href":"https:\/\/ashermantherapy-com.s54.somospecesvoladores.com\/index.php\/wp-json\/wp\/v2\/pages\/2864","targetHints":{"allow":["GET"]}}],"collection":[{"href":"https:\/\/ashermantherapy-com.s54.somospecesvoladores.com\/index.php\/wp-json\/wp\/v2\/pages"}],"about":[{"href":"https:\/\/ashermantherapy-com.s54.somospecesvoladores.com\/index.php\/wp-json\/wp\/v2\/types\/page"}],"author":[{"embeddable":true,"href":"https:\/\/ashermantherapy-com.s54.somospecesvoladores.com\/index.php\/wp-json\/wp\/v2\/users\/1"}],"replies":[{"embeddable":true,"href":"https:\/\/ashermantherapy-com.s54.somospecesvoladores.com\/index.php\/wp-json\/wp\/v2\/comments?post=2864"}],"version-history":[{"count":0,"href":"https:\/\/ashermantherapy-com.s54.somospecesvoladores.com\/index.php\/wp-json\/wp\/v2\/pages\/2864\/revisions"}],"wp:featuredmedia":[{"embeddable":true,"href":"https:\/\/ashermantherapy-com.s54.somospecesvoladores.com\/index.php\/wp-json\/wp\/v2\/media\/2556"}],"wp:attachment":[{"href":"https:\/\/ashermantherapy-com.s54.somospecesvoladores.com\/index.php\/wp-json\/wp\/v2\/media?parent=2864"}],"curies":[{"name":"wp","href":"https:\/\/api.w.org\/{rel}","templated":true}]}}